{"id":47,"date":"2014-05-31T16:54:42","date_gmt":"2014-05-31T16:54:42","guid":{"rendered":"http:\/\/mtv-rothenburg.ch\/wordpress\/?page_id=47"},"modified":"2020-01-27T10:55:31","modified_gmt":"2020-01-27T09:55:31","slug":"verein","status":"publish","type":"page","link":"https:\/\/mtv-rothenburg.ch\/wordpress\/verein\/","title":{"rendered":"Verein"},"content":{"rendered":"<p>Der M\u00e4nnerturnverein (MTV) &nbsp;Rothenburg freut sich \u00fcber den Besuch auf unserer Homepage&nbsp;und informiert dich gerne kurz \u00fcber unseren Verein.<\/p>\n<p style=\"text-align: center;\">&nbsp;<\/p>\n<p style=\"text-align: center;\"><div id=\"metaslider-id-262\" style=\"max-width: 700px;\" class=\"ml-slider-3-107-0 metaslider metaslider-flex metaslider-262 ml-slider ms-theme-default nav-hidden\" role=\"region\" aria-label=\"Verein\" data-height=\"300\" data-width=\"700\">\n    <div id=\"metaslider_container_262\">\n        <div id=\"metaslider_262\">\n            <ul class='slides'>\n                <li style=\"display: block; width: 100%;\" class=\"slide-1173 ms-image \" aria-roledescription=\"slide\" data-date=\"2014-07-20 13:52:41\" data-filename=\"Gesamtfoto-2011-640x274.jpg\" data-slide-type=\"image\"><img fetchpriority=\"high\" decoding=\"async\" src=\"https:\/\/mtv-rothenburg.ch\/wordpress\/wp-content\/uploads\/2014\/07\/Gesamtfoto-2011-640x274.jpg\" height=\"300\" width=\"700\" alt=\"\" class=\"slider-262 slide-1173 msDefaultImage\" \/><div class=\"caption-wrap\"><div class=\"caption\">MTV Gesamtfoto 2011<\/div><\/div><\/li>\n                <li style=\"display: none; width: 100%;\" class=\"slide-1177 ms-image \" aria-roledescription=\"slide\" data-date=\"2014-07-20 13:58:04\" data-filename=\"Vereinsfahne-breit-700x300.jpg\" data-slide-type=\"image\"><img decoding=\"async\" src=\"https:\/\/mtv-rothenburg.ch\/wordpress\/wp-content\/uploads\/2014\/07\/Vereinsfahne-breit-700x300.jpg\" height=\"300\" width=\"700\" alt=\"\" class=\"slider-262 slide-1177 msDefaultImage\" \/><div class=\"caption-wrap\"><div class=\"caption\">unsere Vereinsfahne<\/div><\/div><\/li>\n            <\/ul>\n        <\/div>\n        \n    <\/div>\n<\/div><\/p>\n<p>&nbsp;<\/p>\n<p>Der MTV Rothenburg ist Mitglied des Turnverbandes Luzern, Ob- und Nidwalden und somit auch Mitglied des Schweizerischen Turnverbandes STV<\/p>\n<p>Gegr\u00fcndet:&nbsp;&nbsp;&nbsp;&nbsp; 1954<\/p>\n<p>Aktuelle Mitgliederzahl:&nbsp;&nbsp;&nbsp;&nbsp;&nbsp;&nbsp;&nbsp;&nbsp;&nbsp; \u00fcber 130 im Alter von 30 bis 93 Jahren.<br \/>\nAktiv Sport betrieben wird in den verschiedenen Riegen,<\/p>\n<h5><strong style=\"font-style: inherit;\">M\u00e4nner und Senioren 1 &amp; 2 jeweils am Donnerstag Abend<\/strong><\/h5>\n<p>mit einem altersgerechten und vielseitigen Fitness- und Bewegungs \u2013Training.<br \/>\nZudem besteht eine Volleyball-Gruppe die sehr erfolgreich an regionalen Turnieren teilnimmt.<\/p>\n<p>Unsere nicht mehr in der Halle aktiven Senioren treffen sich einmal im Monat beim Seniorenstamm.<\/p>\n<p>Mit diversen internen, geselligen Anl\u00e4ssen wird gemeinsam mit allen Riegen die Geselligkeit und Kameradschaft gepflegt.<\/p>\n<p>Die Organisation eigener Anl\u00e4sse, wie das Faust- und Volleyball-Turnier sowie Helfereins\u00e4tze im Dorf zu Gunsten anderer Vereine oder der Allgemeinheit wie auch in der Region bei Grossanl\u00e4ssen, geh\u00f6ren ebenfalls seit Jahren zu unseren Aktivit\u00e4ten.<\/p>\n<h5><strong style=\"font-style: inherit;\">Wichtige Eckdaten in der Geschichte des MTV:<\/strong><\/h5>\n<table border=\"0\">\n<tbody style=\"font-weight: inherit; font-style: inherit;\">\n<tr style=\"font-weight: inherit; font-style: inherit;\">\n<td style=\"font-weight: inherit; font-style: inherit;\">1954<\/td>\n<td style=\"font-weight: inherit; font-style: inherit;\">Gr\u00fcndung<\/td>\n<\/tr>\n<tr style=\"font-weight: inherit; font-style: inherit;\">\n<td style=\"font-weight: inherit; font-style: inherit;\">1956<\/td>\n<td style=\"font-weight: inherit; font-style: inherit;\">Mitorganisator des 37.Luzerner Kantonalen Schwingfestes<\/td>\n<\/tr>\n<tr style=\"font-weight: inherit; font-style: inherit;\">\n<td style=\"font-weight: inherit; font-style: inherit;\">1980<\/td>\n<td style=\"font-weight: inherit; font-style: inherit;\">Organisator Kantonales M\u00e4nnerturntreffen LU\/NW\/OW<\/td>\n<\/tr>\n<tr style=\"font-weight: inherit; font-style: inherit;\">\n<td style=\"font-weight: inherit; font-style: inherit;\">1981<\/td>\n<td style=\"font-weight: inherit; font-style: inherit;\">Mitorganisator des 62. Luzerner Kantonalen Schwingfestes<\/td>\n<\/tr>\n<tr style=\"font-weight: inherit; font-style: inherit;\">\n<td style=\"font-weight: inherit; font-style: inherit;\">1984<\/td>\n<td style=\"font-weight: inherit; font-style: inherit;\">Gr\u00fcndung der Abteilung Senioren<\/td>\n<\/tr>\n<tr style=\"font-weight: inherit; font-style: inherit;\">\n<td style=\"font-weight: inherit; font-style: inherit;\">1989<\/td>\n<td style=\"font-weight: inherit; font-style: inherit;\">Fahnenweihe<\/td>\n<\/tr>\n<tr style=\"font-weight: inherit; font-style: inherit;\">\n<td style=\"font-weight: inherit; font-style: inherit;\">1990<\/td>\n<td style=\"font-weight: inherit; font-style: inherit;\">Mitorganisator des 71. Luzerner Kantonalen Schwingfestes<\/td>\n<\/tr>\n<tr style=\"font-weight: inherit; font-style: inherit;\">\n<td style=\"font-weight: inherit; font-style: inherit;\">1996<\/td>\n<td style=\"font-weight: inherit; font-style: inherit;\">Sieger M\u00e4nner Gruppenwettkampf am Eidg. Turnfest in Bern<\/td>\n<\/tr>\n<tr style=\"font-weight: inherit; font-style: inherit;\">\n<td style=\"font-weight: inherit; font-style: inherit;\">1998<\/td>\n<td style=\"font-weight: inherit; font-style: inherit;\">Organisator Kantonales M\u00e4nnerturntreffen LU\/NW\/OW<\/td>\n<\/tr>\n<tr style=\"font-weight: inherit; font-style: inherit;\">\n<td style=\"font-weight: inherit; font-style: inherit;\">1998<\/td>\n<td style=\"font-weight: inherit; font-style: inherit;\">Mitorganisator Innerschweizer Schwing- und \u00c4lplerfest<\/td>\n<\/tr>\n<tr style=\"font-weight: inherit; font-style: inherit;\">\n<td style=\"font-weight: inherit; font-style: inherit;\">2002<\/td>\n<td style=\"font-weight: inherit; font-style: inherit;\">Mitorganisator des 83. Luzerner Kantonalen Schwingfestes<\/td>\n<\/tr>\n<tr style=\"font-weight: inherit; font-style: inherit;\">\n<td style=\"font-weight: inherit; font-style: inherit;\">2004<\/td>\n<td style=\"font-weight: inherit; font-style: inherit;\">Organisator Kantonales M\u00e4nnerturntreffen LU\/NW\/OW<\/td>\n<\/tr>\n<tr style=\"font-weight: inherit; font-style: inherit;\">\n<td style=\"font-weight: inherit; font-style: inherit;\">2007<\/td>\n<td style=\"font-weight: inherit; font-style: inherit;\">2010 Mitarbeit im OK \u201eEVENT-Rothenburg\u201c<\/td>\n<\/tr>\n<tr style=\"font-weight: inherit; font-style: inherit;\">\n<td style=\"font-weight: inherit; font-style: inherit;\">2009<\/td>\n<td style=\"font-weight: inherit; font-style: inherit;\">Gr\u00fcndung des MTV Seniorenstamms<\/td>\n<\/tr>\n<tr style=\"font-weight: inherit; font-style: inherit;\">\n<td style=\"font-weight: inherit; font-style: inherit;\">2011<\/td>\n<td style=\"font-weight: inherit; font-style: inherit;\">Mitorganisator des 92. Luzerner Kantonalen Schwingfestes<\/td>\n<\/tr>\n<tr style=\"font-weight: inherit; font-style: inherit;\">\n<td style=\"font-weight: inherit; font-style: inherit;\">2013<\/td>\n<td style=\"font-weight: inherit; font-style: inherit;\">Teilnahme Eidg. Turnfest in Biel<\/td>\n<\/tr>\n<tr>\n<td style=\"font-weight: inherit; font-style: inherit;\">2019<\/td>\n<td style=\"font-weight: inherit; font-style: inherit;\">Organisator 75. M\u00e4nnerturntag Turnverband LU OW NW<\/td>\n<\/tr>\n<\/tbody>\n<\/table>\n<h5><span style=\"font-weight: inherit; font-style: inherit;\">&nbsp;<\/span><strong style=\"font-style: inherit;\">Sportliche Erfolge<\/strong><\/h5>\n<p>1996&nbsp;&nbsp;&nbsp; Sieger M\u00e4nner Gruppenwettkampf am Eidgen\u00f6ssischen Turnfest in Bern<\/p>\n<p>In den letzten Jahren diverse Kategoriensiege und Podestpl\u00e4tze am Kant. M\u00e4nnerturntreffen<\/p>\n<p>Mehrfacher Sieger am Volleyballturnier in Sursee und Rothenburg<\/p>\n<p>Sieger an der INV-Volleyball Wintermeisterschaft 2009\/2010, Kat. A<\/p>\n<h5><strong style=\"font-style: inherit;\">Anschrift<\/strong><\/h5>\n<p>M\u00e4nnerturnverein STV Rothenburg<br \/>\n6023 Rothenburg<\/p>\n","protected":false},"excerpt":{"rendered":"<p>Der M\u00e4nnerturnverein (MTV) &nbsp;Rothenburg freut sich \u00fcber den Besuch auf unserer Homepage&nbsp;und informiert dich gerne kurz \u00fcber unseren Verein. &nbsp; &nbsp; Der MTV Rothenburg ist Mitglied des Turnverbandes Luzern, Ob- und Nidwalden und somit auch Mitglied des Schweizerischen Turnverbandes STV Gegr\u00fcndet:&nbsp;&nbsp;&nbsp;&nbsp; 1954 Aktuelle Mitgliederzahl:&nbsp;&nbsp;&nbsp;&nbsp;&nbsp;&nbsp;&nbsp;&nbsp;&nbsp; \u00fcber 130 im Alter von 30 bis 93 Jahren. Aktiv Sport betrieben wird in den verschiedenen<\/p>\n","protected":false},"author":1,"featured_media":0,"parent":0,"menu_order":1,"comment_status":"closed","ping_status":"closed","template":"","meta":{"ngg_post_thumbnail":0,"footnotes":""},"class_list":["post-47","page","type-page","status-publish","hentry"],"publishpress_future_action":{"enabled":false,"date":"2026-04-25 00:54:59","action":"change-status","newStatus":"draft","terms":[],"taxonomy":"","extraData":[]},"publishpress_future_workflow_manual_trigger":{"enabledWorkflows":[]},"_links":{"self":[{"href":"https:\/\/mtv-rothenburg.ch\/wordpress\/wp-json\/wp\/v2\/pages\/47","targetHints":{"allow":["GET"]}}],"collection":[{"href":"https:\/\/mtv-rothenburg.ch\/wordpress\/wp-json\/wp\/v2\/pages"}],"about":[{"href":"https:\/\/mtv-rothenburg.ch\/wordpress\/wp-json\/wp\/v2\/types\/page"}],"author":[{"embeddable":true,"href":"https:\/\/mtv-rothenburg.ch\/wordpress\/wp-json\/wp\/v2\/users\/1"}],"replies":[{"embeddable":true,"href":"https:\/\/mtv-rothenburg.ch\/wordpress\/wp-json\/wp\/v2\/comments?post=47"}],"version-history":[{"count":11,"href":"https:\/\/mtv-rothenburg.ch\/wordpress\/wp-json\/wp\/v2\/pages\/47\/revisions"}],"predecessor-version":[{"id":10011,"href":"https:\/\/mtv-rothenburg.ch\/wordpress\/wp-json\/wp\/v2\/pages\/47\/revisions\/10011"}],"wp:attachment":[{"href":"https:\/\/mtv-rothenburg.ch\/wordpress\/wp-json\/wp\/v2\/media?parent=47"}],"curies":[{"name":"wp","href":"https:\/\/api.w.org\/{rel}","templated":true}]}}