{"id":4,"date":"2014-05-30T11:10:19","date_gmt":"2014-05-30T11:10:19","guid":{"rendered":"http:\/\/mtv-rothenburg.ch\/wordpress\/?page_id=4"},"modified":"2022-02-20T09:31:58","modified_gmt":"2022-02-20T08:31:58","slug":"startseite","status":"publish","type":"page","link":"https:\/\/mtv-rothenburg.ch\/wordpress\/","title":{"rendered":"Startseite"},"content":{"rendered":"<h3 class=\"widget-title\">HERZLICH WILLKOMMEN<\/h3>\n<p>Der M\u00e4nnerturnverein (MTV) Rothenburg freut sich \u00fcber den Besuch auf unserer Homepage&nbsp;und informiert dich gerne kurz \u00fcber unseren Verein.<\/p>\n<p>Falls du uns pers\u00f6nlich kennen lernen m\u00f6chtest, begr\u00fcssen wir dich gerne in der Turnhalle bei einem 2-3 maligen Schnuppertraining &#8211; <a class=\"md-opjjpmhoiojifppkkcdabiobhakljdgm_doc\" href=\"http:\/\/mtv-rothenburg.ch\/turnen\/\" xlink=\"href\">weitere Informationen.<\/a><\/p>\n<div id=\"metaslider-id-72\" style=\"max-width: 700px;\" class=\"ml-slider-3-107-0 metaslider metaslider-flex metaslider-72 ml-slider has-dots-nav ms-theme-default\" role=\"region\" aria-label=\"Start\" data-height=\"300\" data-width=\"700\">\n    <div id=\"metaslider_container_72\">\n        <div id=\"metaslider_72\">\n            <ul class='slides'>\n                <li style=\"display: block; width: 100%;\" class=\"slide-1150 ms-image \" aria-roledescription=\"slide\" data-date=\"2014-07-20 11:47:34\" data-filename=\"Verein-700x300.jpg\" data-slide-type=\"image\"><a href=\"http:\/\/www.mtv-rothenburg.ch\/verein\/\" target=\"_self\" aria-label=\"View Slide Details\" class=\"metaslider_image_link\"><img fetchpriority=\"high\" decoding=\"async\" src=\"https:\/\/mtv-rothenburg.ch\/wordpress\/wp-content\/uploads\/2014\/07\/Verein-700x300.jpg\" height=\"300\" width=\"700\" alt=\"\" class=\"slider-72 slide-1150 msDefaultImage\" \/><\/a><div class=\"caption-wrap\"><div class=\"caption\">unser Verein<\/div><\/div><\/li>\n                <li style=\"display: none; width: 100%;\" class=\"slide-4292 ms-image \" aria-roledescription=\"slide\" data-date=\"2017-10-21 16:25:40\" data-filename=\"Vorstand-2023-700x300.jpg\" data-slide-type=\"image\"><a href=\"http:\/\/mtv-rothenburg.ch\/wordpress\/verein\/vorstand\/\" target=\"_self\" aria-label=\"View Slide Details\" class=\"metaslider_image_link\"><img decoding=\"async\" src=\"https:\/\/mtv-rothenburg.ch\/wordpress\/wp-content\/uploads\/2023\/10\/Vorstand-2023-700x300.jpg\" height=\"300\" width=\"700\" alt=\"\" class=\"slider-72 slide-4292 msDefaultImage\" \/><\/a><div class=\"caption-wrap\"><div class=\"caption\">unser Vorstand ab 2023<\/div><\/div><\/li>\n                <li style=\"display: none; width: 100%;\" class=\"slide-379 ms-image \" aria-roledescription=\"slide\" data-date=\"2014-07-01 19:04:33\" data-filename=\"Turnen-700x300.jpg\" data-slide-type=\"image\"><a href=\"http:\/\/www.mtv-rothenburg.ch\/turnen\/\" target=\"_self\" aria-label=\"View Slide Details\" class=\"metaslider_image_link\"><img decoding=\"async\" src=\"https:\/\/mtv-rothenburg.ch\/wordpress\/wp-content\/uploads\/2014\/07\/Turnen-700x300.jpg\" height=\"300\" width=\"700\" alt=\"\" class=\"slider-72 slide-379 msDefaultImage\" \/><\/a><div class=\"caption-wrap\"><div class=\"caption\">Turnen am Donnerstagabend<\/div><\/div><\/li>\n                <li style=\"display: none; width: 100%;\" class=\"slide-1230 ms-image \" aria-roledescription=\"slide\" data-date=\"2014-07-26 15:52:11\" data-filename=\"Faus-Vollyturnier-700x300.jpg\" data-slide-type=\"image\"><a href=\"http:\/\/www.mtv-rothenburg.ch\/faust-volleyball-turnier\/\" target=\"_self\" aria-label=\"View Slide Details\" class=\"metaslider_image_link\"><img loading=\"lazy\" decoding=\"async\" src=\"https:\/\/mtv-rothenburg.ch\/wordpress\/wp-content\/uploads\/2014\/06\/Faus-Vollyturnier-700x300.jpg\" height=\"300\" width=\"700\" alt=\"\" class=\"slider-72 slide-1230 msDefaultImage\" \/><\/a><div class=\"caption-wrap\"><div class=\"caption\">Faust- + Volleyball Turnier<\/div><\/div><\/li>\n                <li style=\"display: none; width: 100%;\" class=\"slide-377 ms-image \" aria-roledescription=\"slide\" data-date=\"2014-07-01 13:55:31\" data-filename=\"Anlaesse-700x300.jpg\" data-slide-type=\"image\"><a href=\"http:\/\/www.mtv-rothenburg.ch\/category\/anlaesse\/\" target=\"_self\" aria-label=\"View Slide Details\" class=\"metaslider_image_link\"><img loading=\"lazy\" decoding=\"async\" src=\"https:\/\/mtv-rothenburg.ch\/wordpress\/wp-content\/uploads\/2014\/07\/Anlaesse-700x300.jpg\" height=\"300\" width=\"700\" alt=\"\" class=\"slider-72 slide-377 msDefaultImage\" \/><\/a><div class=\"caption-wrap\"><div class=\"caption\">Aktuelles &amp; Anl\u00e4sse<\/div><\/div><\/li>\n            <\/ul>\n        <\/div>\n        \n    <\/div>\n<\/div>\n<p><a class=\"md-opjjpmhoiojifppkkcdabiobhakljdgm_doc\" href=\"http:\/\/mtv-rothenburg.ch\/verein\/\" xlink=\"href\"><img loading=\"lazy\" decoding=\"async\" class=\"alignnone wp-image-1310 size-full\" src=\"http:\/\/mtv-rothenburg.ch\/wordpress\/wp-content\/uploads\/2014\/05\/MEHR-LESEN.png\" alt=\"MEHR LESEN\" width=\"125\" height=\"46\"><\/a><\/p>\n","protected":false},"excerpt":{"rendered":"<p>HERZLICH WILLKOMMEN Der M\u00e4nnerturnverein (MTV) Rothenburg freut sich \u00fcber den Besuch auf unserer Homepage&nbsp;und informiert dich gerne kurz \u00fcber unseren Verein. Falls du uns pers\u00f6nlich kennen lernen m\u00f6chtest, begr\u00fcssen wir dich gerne in der Turnhalle bei einem 2-3 maligen Schnuppertraining &#8211; weitere Informationen.<\/p>\n","protected":false},"author":1,"featured_media":0,"parent":0,"menu_order":0,"comment_status":"closed","ping_status":"closed","template":"","meta":{"ngg_post_thumbnail":0,"footnotes":""},"class_list":["post-4","page","type-page","status-publish","hentry"],"publishpress_future_action":{"enabled":false,"date":"2026-04-24 07:31:03","action":"change-status","newStatus":"draft","terms":[],"taxonomy":"","extraData":[]},"publishpress_future_workflow_manual_trigger":{"enabledWorkflows":[]},"_links":{"self":[{"href":"https:\/\/mtv-rothenburg.ch\/wordpress\/wp-json\/wp\/v2\/pages\/4","targetHints":{"allow":["GET"]}}],"collection":[{"href":"https:\/\/mtv-rothenburg.ch\/wordpress\/wp-json\/wp\/v2\/pages"}],"about":[{"href":"https:\/\/mtv-rothenburg.ch\/wordpress\/wp-json\/wp\/v2\/types\/page"}],"author":[{"embeddable":true,"href":"https:\/\/mtv-rothenburg.ch\/wordpress\/wp-json\/wp\/v2\/users\/1"}],"replies":[{"embeddable":true,"href":"https:\/\/mtv-rothenburg.ch\/wordpress\/wp-json\/wp\/v2\/comments?post=4"}],"version-history":[{"count":99,"href":"https:\/\/mtv-rothenburg.ch\/wordpress\/wp-json\/wp\/v2\/pages\/4\/revisions"}],"predecessor-version":[{"id":10719,"href":"https:\/\/mtv-rothenburg.ch\/wordpress\/wp-json\/wp\/v2\/pages\/4\/revisions\/10719"}],"wp:attachment":[{"href":"https:\/\/mtv-rothenburg.ch\/wordpress\/wp-json\/wp\/v2\/media?parent=4"}],"curies":[{"name":"wp","href":"https:\/\/api.w.org\/{rel}","templated":true}]}}