{"id":337,"date":"2014-06-23T19:51:47","date_gmt":"2014-06-23T19:51:47","guid":{"rendered":"http:\/\/mtv-rothenburg.ch\/wordpress\/?page_id=337"},"modified":"2024-12-16T17:45:52","modified_gmt":"2024-12-16T16:45:52","slug":"kontakt","status":"publish","type":"page","link":"https:\/\/mtv-rothenburg.ch\/wordpress\/kontakt\/","title":{"rendered":"Kontakt"},"content":{"rendered":"\t\t<div data-elementor-type=\"wp-page\" data-elementor-id=\"337\" class=\"elementor elementor-337\">\n\t\t\t\t\t\t<section class=\"elementor-section elementor-top-section elementor-element elementor-element-5af5e10e elementor-section-boxed elementor-section-height-default elementor-section-height-default\" data-id=\"5af5e10e\" data-element_type=\"section\" data-e-type=\"section\">\n\t\t\t\t\t\t<div class=\"elementor-container elementor-column-gap-default\">\n\t\t\t\t\t<div class=\"elementor-column elementor-col-100 elementor-top-column elementor-element elementor-element-1406880b\" data-id=\"1406880b\" data-element_type=\"column\" data-e-type=\"column\">\n\t\t\t<div class=\"elementor-widget-wrap elementor-element-populated\">\n\t\t\t\t\t\t<div class=\"elementor-element elementor-element-a9bcfcc elementor-tabs-alignment-stretch elementor-tabs-view-horizontal elementor-widget elementor-widget-tabs\" data-id=\"a9bcfcc\" data-element_type=\"widget\" data-e-type=\"widget\" data-widget_type=\"tabs.default\">\n\t\t\t\t\t\t\t<div class=\"elementor-tabs\">\n\t\t\t<div class=\"elementor-tabs-wrapper\" role=\"tablist\" >\n\t\t\t\t\t\t\t\t\t<div id=\"elementor-tab-title-1771\" class=\"elementor-tab-title elementor-tab-desktop-title\" aria-selected=\"true\" data-tab=\"1\" role=\"tab\" tabindex=\"0\" aria-controls=\"elementor-tab-content-1771\" aria-expanded=\"false\">Kontakt<\/div>\n\t\t\t\t\t\t\t\t\t<div id=\"elementor-tab-title-1772\" class=\"elementor-tab-title elementor-tab-desktop-title\" aria-selected=\"false\" data-tab=\"2\" role=\"tab\" tabindex=\"-1\" aria-controls=\"elementor-tab-content-1772\" aria-expanded=\"false\">Adress\u00e4nderung<\/div>\n\t\t\t\t\t\t\t\t\t<div id=\"elementor-tab-title-1773\" class=\"elementor-tab-title elementor-tab-desktop-title\" aria-selected=\"false\" data-tab=\"3\" role=\"tab\" tabindex=\"-1\" aria-controls=\"elementor-tab-content-1773\" aria-expanded=\"false\">Webmaster<\/div>\n\t\t\t\t\t\t\t\t\t<div id=\"elementor-tab-title-1774\" class=\"elementor-tab-title elementor-tab-desktop-title\" aria-selected=\"false\" data-tab=\"4\" role=\"tab\" tabindex=\"-1\" aria-controls=\"elementor-tab-content-1774\" aria-expanded=\"false\">Bankverbindung<\/div>\n\t\t\t\t\t\t\t<\/div>\n\t\t\t<div class=\"elementor-tabs-content-wrapper\" role=\"tablist\" aria-orientation=\"vertical\">\n\t\t\t\t\t\t\t\t\t<div class=\"elementor-tab-title elementor-tab-mobile-title\" aria-selected=\"true\" data-tab=\"1\" role=\"tab\" tabindex=\"0\" aria-controls=\"elementor-tab-content-1771\" aria-expanded=\"false\">Kontakt<\/div>\n\t\t\t\t\t<div id=\"elementor-tab-content-1771\" class=\"elementor-tab-content elementor-clearfix\" data-tab=\"1\" role=\"tabpanel\" aria-labelledby=\"elementor-tab-title-1771\" tabindex=\"0\" hidden=\"false\"><p style=\"font-style: normal; font-variant-ligatures: normal; font-variant-caps: normal; font-weight: 400; font-size: 16.0016px; font-family: 'Droid Sans', Tahoma, Verdana, Arial;\">Verwende dieses Formular um\u00a0unserem Pr\u00e4sidenten eine Nachricht zu senden:<\/p><p style=\"font-style: normal; font-variant-ligatures: normal; font-variant-caps: normal; font-weight: 400; font-size: 16.0016px; font-family: 'Droid Sans', Tahoma, Verdana, Arial;\">\n<div class=\"wpcf7 no-js\" id=\"wpcf7-f344-p337-o1\" lang=\"de-DE\" dir=\"ltr\" data-wpcf7-id=\"344\">\n<div class=\"screen-reader-response\"><p role=\"status\" aria-live=\"polite\" aria-atomic=\"true\"><\/p> <ul><\/ul><\/div>\n<form action=\"\/wordpress\/kontakt\/#wpcf7-f344-p337-o1\" method=\"post\" class=\"wpcf7-form init\" aria-label=\"Kontaktformular\" enctype=\"multipart\/form-data\" novalidate=\"novalidate\" data-status=\"init\">\n<fieldset class=\"hidden-fields-container\"><input type=\"hidden\" name=\"_wpcf7\" value=\"344\" \/><input type=\"hidden\" name=\"_wpcf7_version\" value=\"6.1.5\" \/><input type=\"hidden\" name=\"_wpcf7_locale\" value=\"de_DE\" \/><input type=\"hidden\" name=\"_wpcf7_unit_tag\" value=\"wpcf7-f344-p337-o1\" \/><input type=\"hidden\" name=\"_wpcf7_container_post\" value=\"337\" \/><input type=\"hidden\" name=\"_wpcf7_posted_data_hash\" value=\"\" \/><input type=\"hidden\" name=\"_wpcf7_recaptcha_response\" value=\"\" \/>\n<\/fieldset>\n<table>\n\t<tbody>\n\t\t<tr>\n\t\t\t<td style=\"border: 1px solid #ffffff;\" width=\"250\" align=\"left\">\n\t\t\t\t<p>Name (Pflichtfeld)\n\t\t\t\t<\/p>\n\t\t\t<\/td>\n\t\t\t<td style=\"border: 1px solid #ffffff;\" >\n\t\t\t\t<p><span class=\"wpcf7-form-control-wrap\" data-name=\"your-name\"><input size=\"40\" maxlength=\"400\" class=\"wpcf7-form-control wpcf7-text wpcf7-validates-as-required\" aria-required=\"true\" aria-invalid=\"false\" value=\"\" type=\"text\" name=\"your-name\" \/><\/span>\n\t\t\t\t<\/p>\n\t\t\t<\/td>\n\t\t<\/tr>\n\t\t<tr>\n\t\t\t<td style=\"border: 1px solid #ffffff;\" width=\"250\" align=\"left\">\n\t\t\t\t<p>E-Mail-Adresse (Pflichtfeld)\n\t\t\t\t<\/p>\n\t\t\t<\/td>\n\t\t\t<td style=\"border: 1px solid #ffffff;\">\n\t\t\t\t<p><span class=\"wpcf7-form-control-wrap\" data-name=\"your-email\"><input size=\"40\" maxlength=\"400\" class=\"wpcf7-form-control wpcf7-text wpcf7-validates-as-required\" aria-required=\"true\" aria-invalid=\"false\" value=\"\" type=\"text\" name=\"your-email\" \/><\/span>\n\t\t\t\t<\/p>\n\t\t\t<\/td>\n\t\t<\/tr>\n\t\t<tr>\n\t\t\t<td style=\"border: 1px solid #ffffff;\" width=\"250\" align=\"left\">\n\t\t\t\t<p>Betreff\n\t\t\t\t<\/p>\n\t\t\t<\/td>\n\t\t\t<td style=\"border: 1px solid #ffffff;\">\n\t\t\t\t<p><span class=\"wpcf7-form-control-wrap\" data-name=\"your-subject\"><input size=\"40\" maxlength=\"400\" class=\"wpcf7-form-control wpcf7-text wpcf7-validates-as-required\" aria-required=\"true\" aria-invalid=\"false\" value=\"\" type=\"text\" name=\"your-subject\" \/><\/span>\n\t\t\t\t<\/p>\n\t\t\t<\/td>\n\t\t<\/tr>\n\t\t<tr>\n\t\t\t<td style=\"border: 1px solid #ffffff;\" width=\"250\" style=\"vertical-align:top;\">\n\t\t\t\t<p>Nachricht (Pflichtfeld)\n\t\t\t\t<\/p>\n\t\t\t<\/td>\n\t\t\t<td style=\"border: 1px solid #ffffff;\">\n\t\t\t\t<p><span class=\"wpcf7-form-control-wrap\" data-name=\"your-message\"><textarea cols=\"40\" rows=\"10\" maxlength=\"2000\" class=\"wpcf7-form-control wpcf7-textarea wpcf7-validates-as-required\" aria-required=\"true\" aria-invalid=\"false\" name=\"your-message\"><\/textarea><\/span>\n\t\t\t\t<\/p>\n\t\t\t<\/td>\n\t\t<\/tr>\n\t\t<tr>\n\t\t\t<td style=\"border: 1px solid #ffffff;\" width=\"250\" align=\"left\">\n\t\t\t\t<p>Datei senden\n\t\t\t\t<\/p>\n\t\t\t<\/td>\n\t\t\t<td style=\"border: 1px solid #ffffff;\">\n\t\t\t\t<p><span class=\"wpcf7-form-control-wrap\" data-name=\"Dateisenden\"><input size=\"40\" class=\"wpcf7-form-control wpcf7-file\" accept=\"audio\/*,video\/*,image\/*\" aria-invalid=\"false\" type=\"file\" name=\"Dateisenden\" \/><\/span>\n\t\t\t\t<\/p>\n\t\t\t<\/td>\n\t\t<\/tr>\n\t<\/tbody>\n<\/table>\n<p><span id=\"wpcf7-69e26cb13fb12-wrapper\" class=\"wpcf7-form-control-wrap HonigAntiSPAMbox-wrap\" style=\"display:none !important; visibility:hidden !important;\"><label for=\"wpcf7-69e26cb13fb12-field\" class=\"hp-message\">Bitte lasse dieses Feld leer.<\/label><input id=\"wpcf7-69e26cb13fb12-field\"  class=\"wpcf7-form-control wpcf7-text\" type=\"text\" name=\"HonigAntiSPAMbox\" value=\"\" size=\"40\" tabindex=\"-1\" autocomplete=\"new-password\" \/><\/span>\n<\/p>\n<p><input class=\"wpcf7-form-control wpcf7-submit has-spinner\" type=\"submit\" value=\"Senden\" \/>\n<\/p><div class=\"wpcf7-response-output\" aria-hidden=\"true\"><\/div>\n<\/form>\n<\/div>\n<\/p><\/div>\n\t\t\t\t\t\t\t\t\t<div class=\"elementor-tab-title elementor-tab-mobile-title\" aria-selected=\"false\" data-tab=\"2\" role=\"tab\" tabindex=\"-1\" aria-controls=\"elementor-tab-content-1772\" aria-expanded=\"false\">Adress\u00e4nderung<\/div>\n\t\t\t\t\t<div id=\"elementor-tab-content-1772\" class=\"elementor-tab-content elementor-clearfix\" data-tab=\"2\" role=\"tabpanel\" aria-labelledby=\"elementor-tab-title-1772\" tabindex=\"0\" hidden=\"hidden\"><p style=\"font-style: normal; font-variant-ligatures: normal; font-variant-caps: normal; font-weight: 400; font-size: 16.0016px; font-family: 'Droid Sans', Tahoma, Verdana, Arial;\">Verwende dieses Formular um unserem Aktuar Adress\u00e4nderungen zu senden:<\/p><p style=\"font-style: normal; font-variant-ligatures: normal; font-variant-caps: normal; font-weight: 400; font-size: 16.0016px; font-family: 'Droid Sans', Tahoma, Verdana, Arial;\">\n<div class=\"wpcf7 no-js\" id=\"wpcf7-f1265-p337-o2\" lang=\"de-DE\" dir=\"ltr\" data-wpcf7-id=\"1265\">\n<div class=\"screen-reader-response\"><p role=\"status\" aria-live=\"polite\" aria-atomic=\"true\"><\/p> <ul><\/ul><\/div>\n<form action=\"\/wordpress\/kontakt\/#wpcf7-f1265-p337-o2\" method=\"post\" class=\"wpcf7-form init\" aria-label=\"Kontaktformular\" novalidate=\"novalidate\" data-status=\"init\">\n<fieldset class=\"hidden-fields-container\"><input type=\"hidden\" name=\"_wpcf7\" value=\"1265\" \/><input type=\"hidden\" name=\"_wpcf7_version\" value=\"6.1.5\" \/><input type=\"hidden\" name=\"_wpcf7_locale\" value=\"de_DE\" \/><input type=\"hidden\" name=\"_wpcf7_unit_tag\" value=\"wpcf7-f1265-p337-o2\" \/><input type=\"hidden\" name=\"_wpcf7_container_post\" value=\"337\" \/><input type=\"hidden\" name=\"_wpcf7_posted_data_hash\" value=\"\" \/><input type=\"hidden\" name=\"_wpcf7_recaptcha_response\" value=\"\" \/>\n<\/fieldset>\n<table>\n\t<tbody>\n\t\t<tr>\n\t\t\t<td style=\"border: 1px solid #ffffff;\" width=\"250\" align=\"left\">\n\t\t\t\t<p>Name (Pflichtfeld)\n\t\t\t\t<\/p>\n\t\t\t<\/td>\n\t\t\t<td style=\"border: 1px solid #ffffff;\" >\n\t\t\t\t<p><span class=\"wpcf7-form-control-wrap\" data-name=\"your-name\"><input size=\"40\" maxlength=\"400\" class=\"wpcf7-form-control wpcf7-text wpcf7-validates-as-required\" aria-required=\"true\" aria-invalid=\"false\" value=\"\" type=\"text\" name=\"your-name\" \/><\/span>\n\t\t\t\t<\/p>\n\t\t\t<\/td>\n\t\t<\/tr>\n\t\t<tr>\n\t\t\t<td style=\"border: 1px solid #ffffff;\" width=\"250\" align=\"left\">\n\t\t\t\t<p>E-Mail-Adresse\n\t\t\t\t<\/p>\n\t\t\t<\/td>\n\t\t\t<td style=\"border: 1px solid #ffffff;\">\n\t\t\t\t<p><span class=\"wpcf7-form-control-wrap\" data-name=\"your-email\"><input size=\"40\" maxlength=\"400\" class=\"wpcf7-form-control wpcf7-text\" aria-invalid=\"false\" value=\"\" type=\"text\" name=\"your-email\" \/><\/span>\n\t\t\t\t<\/p>\n\t\t\t<\/td>\n\t\t<\/tr>\n\t\t<tr>\n\t\t\t<td style=\"border: 1px solid #ffffff;\" width=\"250\" align=\"left\">\n\t\t\t\t<p>Adresse\n\t\t\t\t<\/p>\n\t\t\t<\/td>\n\t\t\t<td style=\"border: 1px solid #ffffff;\">\n\t\t\t\t<p><span class=\"wpcf7-form-control-wrap\" data-name=\"Adresse\"><input size=\"40\" maxlength=\"400\" class=\"wpcf7-form-control wpcf7-text\" aria-invalid=\"false\" value=\"\" type=\"text\" name=\"Adresse\" \/><\/span>\n\t\t\t\t<\/p>\n\t\t\t<\/td>\n\t\t<\/tr>\n\t\t<tr>\n\t\t\t<td style=\"border: 1px solid #ffffff;\" width=\"250\" align=\"left\">\n\t\t\t\t<p>Telefon Privat\n\t\t\t\t<\/p>\n\t\t\t<\/td>\n\t\t\t<td style=\"border: 1px solid #ffffff;\">\n\t\t\t\t<p><span class=\"wpcf7-form-control-wrap\" data-name=\"TelefonP\"><input size=\"40\" maxlength=\"400\" class=\"wpcf7-form-control wpcf7-text\" aria-invalid=\"false\" value=\"\" type=\"text\" name=\"TelefonP\" \/><\/span>\n\t\t\t\t<\/p>\n\t\t\t<\/td>\n\t\t<\/tr>\n\t\t<tr>\n\t\t\t<td style=\"border: 1px solid #ffffff;\" width=\"250\" align=\"left\">\n\t\t\t\t<p>Telefon Gesch\u00e4ft\n\t\t\t\t<\/p>\n\t\t\t<\/td>\n\t\t\t<td style=\"border: 1px solid #ffffff;\">\n\t\t\t\t<p><span class=\"wpcf7-form-control-wrap\" data-name=\"TelefonG\"><input size=\"40\" maxlength=\"400\" class=\"wpcf7-form-control wpcf7-text\" aria-invalid=\"false\" value=\"\" type=\"text\" name=\"TelefonG\" \/><\/span>\n\t\t\t\t<\/p>\n\t\t\t<\/td>\n\t\t<\/tr>\n\t\t<tr>\n\t\t\t<td style=\"border: 1px solid #ffffff;\" width=\"250\" align=\"left\">\n\t\t\t\t<p>Mobile\n\t\t\t\t<\/p>\n\t\t\t<\/td>\n\t\t\t<td style=\"border: 1px solid #ffffff;\">\n\t\t\t\t<p><span class=\"wpcf7-form-control-wrap\" data-name=\"Mobile\"><input size=\"40\" maxlength=\"400\" class=\"wpcf7-form-control wpcf7-text\" aria-invalid=\"false\" value=\"\" type=\"text\" name=\"Mobile\" \/><\/span>\n\t\t\t\t<\/p>\n\t\t\t<\/td>\n\t\t<\/tr>\n\t<\/tbody>\n<\/table>\n<p><span id=\"wpcf7-69e26cb140125-wrapper\" class=\"wpcf7-form-control-wrap HonigAntiSPAMbox-wrap\" style=\"display:none !important; visibility:hidden !important;\"><label for=\"wpcf7-69e26cb140125-field\" class=\"hp-message\">Bitte lasse dieses Feld leer.<\/label><input id=\"wpcf7-69e26cb140125-field\"  class=\"wpcf7-form-control wpcf7-text\" type=\"text\" name=\"HonigAntiSPAMbox\" value=\"\" size=\"40\" tabindex=\"-1\" autocomplete=\"new-password\" \/><\/span>\n<\/p>\n<p><input class=\"wpcf7-form-control wpcf7-submit has-spinner\" type=\"submit\" value=\"Senden\" \/>\n<\/p><div class=\"wpcf7-response-output\" aria-hidden=\"true\"><\/div>\n<\/form>\n<\/div>\n<\/p><\/div>\n\t\t\t\t\t\t\t\t\t<div class=\"elementor-tab-title elementor-tab-mobile-title\" aria-selected=\"false\" data-tab=\"3\" role=\"tab\" tabindex=\"-1\" aria-controls=\"elementor-tab-content-1773\" aria-expanded=\"false\">Webmaster<\/div>\n\t\t\t\t\t<div id=\"elementor-tab-content-1773\" class=\"elementor-tab-content elementor-clearfix\" data-tab=\"3\" role=\"tabpanel\" aria-labelledby=\"elementor-tab-title-1773\" tabindex=\"0\" hidden=\"hidden\"><p style=\"font-style: normal; font-variant-ligatures: normal; font-variant-caps: normal; font-weight: 400; font-size: 16.0016px; font-family: 'Droid Sans', Tahoma, Verdana, Arial;\">Verwende dieses Formular um\u00a0unserem Webmaster\u00a0eine Nachricht zu senden:<\/p><p style=\"font-style: normal; font-variant-ligatures: normal; font-variant-caps: normal; font-weight: 400; font-size: 16.0016px; font-family: 'Droid Sans', Tahoma, Verdana, Arial;\">\n<div class=\"wpcf7 no-js\" id=\"wpcf7-f1267-p337-o3\" lang=\"de-DE\" dir=\"ltr\" data-wpcf7-id=\"1267\">\n<div class=\"screen-reader-response\"><p role=\"status\" aria-live=\"polite\" aria-atomic=\"true\"><\/p> <ul><\/ul><\/div>\n<form action=\"\/wordpress\/kontakt\/#wpcf7-f1267-p337-o3\" method=\"post\" class=\"wpcf7-form init\" aria-label=\"Kontaktformular\" enctype=\"multipart\/form-data\" novalidate=\"novalidate\" data-status=\"init\">\n<fieldset class=\"hidden-fields-container\"><input type=\"hidden\" name=\"_wpcf7\" value=\"1267\" \/><input type=\"hidden\" name=\"_wpcf7_version\" value=\"6.1.5\" \/><input type=\"hidden\" name=\"_wpcf7_locale\" value=\"de_DE\" \/><input type=\"hidden\" name=\"_wpcf7_unit_tag\" value=\"wpcf7-f1267-p337-o3\" \/><input type=\"hidden\" name=\"_wpcf7_container_post\" value=\"337\" \/><input type=\"hidden\" name=\"_wpcf7_posted_data_hash\" value=\"\" \/><input type=\"hidden\" name=\"_wpcf7_recaptcha_response\" value=\"\" \/>\n<\/fieldset>\n<table>\n\t<tbody>\n\t\t<tr>\n\t\t\t<td style=\"border: 1px solid #ffffff;\" width=\"250\" align=\"left\">\n\t\t\t\t<p>Name (Pflichtfeld)\n\t\t\t\t<\/p>\n\t\t\t<\/td>\n\t\t\t<td style=\"border: 1px solid #ffffff;\" >\n\t\t\t\t<p><span class=\"wpcf7-form-control-wrap\" data-name=\"your-name\"><input size=\"40\" maxlength=\"400\" class=\"wpcf7-form-control wpcf7-text wpcf7-validates-as-required\" aria-required=\"true\" aria-invalid=\"false\" value=\"\" type=\"text\" name=\"your-name\" \/><\/span>\n\t\t\t\t<\/p>\n\t\t\t<\/td>\n\t\t<\/tr>\n\t\t<tr>\n\t\t\t<td style=\"border: 1px solid #ffffff;\" width=\"250\" align=\"left\">\n\t\t\t\t<p>E-Mail-Adresse (Pflichtfeld)\n\t\t\t\t<\/p>\n\t\t\t<\/td>\n\t\t\t<td style=\"border: 1px solid #ffffff;\">\n\t\t\t\t<p><span class=\"wpcf7-form-control-wrap\" data-name=\"your-email\"><input size=\"40\" maxlength=\"400\" class=\"wpcf7-form-control wpcf7-text wpcf7-validates-as-required\" aria-required=\"true\" aria-invalid=\"false\" value=\"\" type=\"text\" name=\"your-email\" \/><\/span>\n\t\t\t\t<\/p>\n\t\t\t<\/td>\n\t\t<\/tr>\n\t\t<tr>\n\t\t\t<td style=\"border: 1px solid #ffffff;\" width=\"250\" align=\"left\">\n\t\t\t\t<p>Betreff\n\t\t\t\t<\/p>\n\t\t\t<\/td>\n\t\t\t<td style=\"border: 1px solid #ffffff;\">\n\t\t\t\t<p><span class=\"wpcf7-form-control-wrap\" data-name=\"your-subject\"><input size=\"40\" maxlength=\"400\" class=\"wpcf7-form-control wpcf7-text wpcf7-validates-as-required\" aria-required=\"true\" aria-invalid=\"false\" value=\"\" type=\"text\" name=\"your-subject\" \/><\/span>\n\t\t\t\t<\/p>\n\t\t\t<\/td>\n\t\t<\/tr>\n\t\t<tr>\n\t\t\t<td style=\"border: 1px solid #ffffff;\" width=\"250\" style=\"vertical-align:top;\">\n\t\t\t\t<p>Nachricht (Pflichtfeld)\n\t\t\t\t<\/p>\n\t\t\t<\/td>\n\t\t\t<td style=\"border: 1px solid #ffffff;\">\n\t\t\t\t<p><span class=\"wpcf7-form-control-wrap\" data-name=\"your-message\"><textarea cols=\"40\" rows=\"10\" maxlength=\"2000\" class=\"wpcf7-form-control wpcf7-textarea wpcf7-validates-as-required\" aria-required=\"true\" aria-invalid=\"false\" name=\"your-message\"><\/textarea><\/span>\n\t\t\t\t<\/p>\n\t\t\t<\/td>\n\t\t<\/tr>\n\t\t<tr>\n\t\t\t<td style=\"border: 1px solid #ffffff;\" width=\"250\" align=\"left\">\n\t\t\t\t<p>Datei senden\n\t\t\t\t<\/p>\n\t\t\t<\/td>\n\t\t\t<td style=\"border: 1px solid #ffffff;\">\n\t\t\t\t<p><span class=\"wpcf7-form-control-wrap\" data-name=\"Dateisenden\"><input size=\"40\" class=\"wpcf7-form-control wpcf7-file\" accept=\"audio\/*,video\/*,image\/*\" aria-invalid=\"false\" type=\"file\" name=\"Dateisenden\" \/><\/span>\n\t\t\t\t<\/p>\n\t\t\t<\/td>\n\t\t<\/tr>\n\t<\/tbody>\n<\/table>\n<p><span id=\"wpcf7-69e26cb14062a-wrapper\" class=\"wpcf7-form-control-wrap HonigAntiSPAMbox-wrap\" style=\"display:none !important; visibility:hidden !important;\"><label for=\"wpcf7-69e26cb14062a-field\" class=\"hp-message\">Bitte lasse dieses Feld leer.<\/label><input id=\"wpcf7-69e26cb14062a-field\"  class=\"wpcf7-form-control wpcf7-text\" type=\"text\" name=\"HonigAntiSPAMbox\" value=\"\" size=\"40\" tabindex=\"-1\" autocomplete=\"new-password\" \/><\/span>\n<\/p>\n<p><input class=\"wpcf7-form-control wpcf7-submit has-spinner\" type=\"submit\" value=\"Senden\" \/>\n<\/p><div class=\"wpcf7-response-output\" aria-hidden=\"true\"><\/div>\n<\/form>\n<\/div>\n<\/p><\/div>\n\t\t\t\t\t\t\t\t\t<div class=\"elementor-tab-title elementor-tab-mobile-title\" aria-selected=\"false\" data-tab=\"4\" role=\"tab\" tabindex=\"-1\" aria-controls=\"elementor-tab-content-1774\" aria-expanded=\"false\">Bankverbindung<\/div>\n\t\t\t\t\t<div id=\"elementor-tab-content-1774\" class=\"elementor-tab-content elementor-clearfix\" data-tab=\"4\" role=\"tabpanel\" aria-labelledby=\"elementor-tab-title-1774\" tabindex=\"0\" hidden=\"hidden\"><p><span style=\"color: #242424; font-family: 'Segoe UI', 'Segoe UI Web (West European)', -apple-system, BlinkMacSystemFont, Roboto, 'Helvetica Neue', sans-serif; font-size: 14.6667px; font-style: normal; font-variant-ligatures: normal; font-variant-caps: normal; font-weight: 400;\">Bankverbindung:<\/span><br style=\"color: #242424; font-family: 'Segoe UI', 'Segoe UI Web (West European)', -apple-system, BlinkMacSystemFont, Roboto, 'Helvetica Neue', sans-serif; font-size: 14.6667px;\" \/><span style=\"color: #242424; font-family: 'Segoe UI', 'Segoe UI Web (West European)', -apple-system, BlinkMacSystemFont, Roboto, 'Helvetica Neue', sans-serif; font-size: 14.6667px; font-style: normal; font-variant-ligatures: normal; font-variant-caps: normal; font-weight: 400;\">IBAN CH84 8080 8008 3880 2703 2<\/span><br style=\"color: #242424; font-family: 'Segoe UI', 'Segoe UI Web (West European)', -apple-system, BlinkMacSystemFont, Roboto, 'Helvetica Neue', sans-serif; font-size: 14.6667px;\" \/><span style=\"color: #242424; font-family: 'Segoe UI', 'Segoe UI Web (West European)', -apple-system, BlinkMacSystemFont, Roboto, 'Helvetica Neue', sans-serif; font-size: 14.6667px; font-style: normal; font-variant-ligatures: normal; font-variant-caps: normal; font-weight: 400;\">M\u00e4nnerturnverein Rothenburg<\/span><br style=\"color: #242424; font-family: 'Segoe UI', 'Segoe UI Web (West European)', -apple-system, BlinkMacSystemFont, Roboto, 'Helvetica Neue', sans-serif; font-size: 14.6667px;\" \/><span style=\"color: #242424; font-family: 'Segoe UI', 'Segoe UI Web (West European)', -apple-system, BlinkMacSystemFont, Roboto, 'Helvetica Neue', sans-serif; font-size: 14.6667px; font-style: normal; font-variant-ligatures: normal; font-variant-caps: normal; font-weight: 400;\">6023 Rothenburg\u00a0<\/span><\/p><\/div>\n\t\t\t\t\t\t\t<\/div>\n\t\t<\/div>\n\t\t\t\t\t\t<\/div>\n\t\t\t\t\t<\/div>\n\t\t<\/div>\n\t\t\t\t\t<\/div>\n\t\t<\/section>\n\t\t\t\t<\/div>\n\t\t","protected":false},"excerpt":{"rendered":"<p>Kontakt Adress\u00e4nderung Webmaster Bankverbindung Kontakt Verwende dieses Formular um\u00a0unserem Pr\u00e4sidenten eine Nachricht zu senden: Name (Pflichtfeld) E-Mail-Adresse (Pflichtfeld) Betreff Nachricht (Pflichtfeld) Datei senden Bitte lasse dieses Feld leer. Adress\u00e4nderung Verwende dieses Formular um unserem Aktuar Adress\u00e4nderungen zu senden: Name (Pflichtfeld) E-Mail-Adresse Adresse Telefon Privat Telefon Gesch\u00e4ft Mobile Bitte lasse dieses Feld leer. Webmaster Verwende dieses Formular um\u00a0unserem Webmaster\u00a0eine Nachricht zu<\/p>\n","protected":false},"author":1,"featured_media":0,"parent":0,"menu_order":8,"comment_status":"closed","ping_status":"closed","template":"","meta":{"ngg_post_thumbnail":0,"footnotes":""},"class_list":["post-337","page","type-page","status-publish","hentry"],"publishpress_future_action":{"enabled":false,"date":"2026-04-25 00:55:51","action":"change-status","newStatus":"draft","terms":[],"taxonomy":"","extraData":[]},"publishpress_future_workflow_manual_trigger":{"enabledWorkflows":[]},"_links":{"self":[{"href":"https:\/\/mtv-rothenburg.ch\/wordpress\/wp-json\/wp\/v2\/pages\/337","targetHints":{"allow":["GET"]}}],"collection":[{"href":"https:\/\/mtv-rothenburg.ch\/wordpress\/wp-json\/wp\/v2\/pages"}],"about":[{"href":"https:\/\/mtv-rothenburg.ch\/wordpress\/wp-json\/wp\/v2\/types\/page"}],"author":[{"embeddable":true,"href":"https:\/\/mtv-rothenburg.ch\/wordpress\/wp-json\/wp\/v2\/users\/1"}],"replies":[{"embeddable":true,"href":"https:\/\/mtv-rothenburg.ch\/wordpress\/wp-json\/wp\/v2\/comments?post=337"}],"version-history":[{"count":20,"href":"https:\/\/mtv-rothenburg.ch\/wordpress\/wp-json\/wp\/v2\/pages\/337\/revisions"}],"predecessor-version":[{"id":11764,"href":"https:\/\/mtv-rothenburg.ch\/wordpress\/wp-json\/wp\/v2\/pages\/337\/revisions\/11764"}],"wp:attachment":[{"href":"https:\/\/mtv-rothenburg.ch\/wordpress\/wp-json\/wp\/v2\/media?parent=337"}],"curies":[{"name":"wp","href":"https:\/\/api.w.org\/{rel}","templated":true}]}}