{"id":3298,"date":"2016-07-05T11:12:54","date_gmt":"2016-07-05T09:12:54","guid":{"rendered":"http:\/\/mtv-rothenburg.ch\/wordpress\/?page_id=3298"},"modified":"2016-07-13T13:40:45","modified_gmt":"2016-07-13T11:40:45","slug":"wiehnachtsmaert","status":"publish","type":"page","link":"https:\/\/mtv-rothenburg.ch\/wordpress\/veranstaltungen\/wiehnachtsmaert\/","title":{"rendered":"Wiehnachtsm\u00e4rt"},"content":{"rendered":"<p>Wir vom MTV Rothrnburg unterst\u00fctzen als Tr\u00e4gerverein den allj\u00e4hrlichen Weihnachtsmarkt im Flecken Rothenburg.<br \/>\n<a href=\"http:\/\/wiehnachtsmaert-rothenburg.jimdo.com\/\" target=\"_blank\">Wiehnachtsm\u00e4rt\/Weihnachtsmarkt Rothenburg<\/a><iframe src=\"http:\/\/wiehnachtsmaert-rothenburg.jimdo.com\" width=\"1200\" height=\"2000\"><\/iframe><\/p>\n","protected":false},"excerpt":{"rendered":"<p>Wir vom MTV Rothrnburg unterst\u00fctzen als Tr\u00e4gerverein den allj\u00e4hrlichen Weihnachtsmarkt im Flecken Rothenburg. Wiehnachtsm\u00e4rt\/Weihnachtsmarkt Rothenburg<\/p>\n","protected":false},"author":1,"featured_media":0,"parent":213,"menu_order":9,"comment_status":"closed","ping_status":"closed","template":"template-fullwidth.php","meta":{"ngg_post_thumbnail":0,"footnotes":""},"class_list":["post-3298","page","type-page","status-publish","hentry"],"publishpress_future_action":{"enabled":false,"date":"2026-04-25 00:55:49","action":"change-status","newStatus":"draft","terms":[],"taxonomy":"","extraData":[]},"publishpress_future_workflow_manual_trigger":{"enabledWorkflows":[]},"_links":{"self":[{"href":"https:\/\/mtv-rothenburg.ch\/wordpress\/wp-json\/wp\/v2\/pages\/3298","targetHints":{"allow":["GET"]}}],"collection":[{"href":"https:\/\/mtv-rothenburg.ch\/wordpress\/wp-json\/wp\/v2\/pages"}],"about":[{"href":"https:\/\/mtv-rothenburg.ch\/wordpress\/wp-json\/wp\/v2\/types\/page"}],"author":[{"embeddable":true,"href":"https:\/\/mtv-rothenburg.ch\/wordpress\/wp-json\/wp\/v2\/users\/1"}],"replies":[{"embeddable":true,"href":"https:\/\/mtv-rothenburg.ch\/wordpress\/wp-json\/wp\/v2\/comments?post=3298"}],"version-history":[{"count":16,"href":"https:\/\/mtv-rothenburg.ch\/wordpress\/wp-json\/wp\/v2\/pages\/3298\/revisions"}],"predecessor-version":[{"id":3317,"href":"https:\/\/mtv-rothenburg.ch\/wordpress\/wp-json\/wp\/v2\/pages\/3298\/revisions\/3317"}],"up":[{"embeddable":true,"href":"https:\/\/mtv-rothenburg.ch\/wordpress\/wp-json\/wp\/v2\/pages\/213"}],"wp:attachment":[{"href":"https:\/\/mtv-rothenburg.ch\/wordpress\/wp-json\/wp\/v2\/media?parent=3298"}],"curies":[{"name":"wp","href":"https:\/\/api.w.org\/{rel}","templated":true}]}}