{"id":223,"date":"2014-06-06T14:26:42","date_gmt":"2014-06-06T14:26:42","guid":{"rendered":"http:\/\/mtv-rothenburg.ch\/wordpress\/?page_id=223"},"modified":"2023-06-26T17:07:46","modified_gmt":"2023-06-26T15:07:46","slug":"faust-volleyball-turnier","status":"publish","type":"page","link":"https:\/\/mtv-rothenburg.ch\/wordpress\/faust-volleyball-turnier\/","title":{"rendered":"Faust- + Volleyball Turnier"},"content":{"rendered":"<div id=\"pl-223\"  class=\"panel-layout\" ><div id=\"pg-223-0\"  class=\"panel-grid panel-no-style\" ><div id=\"pgc-223-0-0\"  class=\"panel-grid-cell\" ><div id=\"panel-223-0-0-0\" class=\"so-panel widget widget_black-studio-tinymce widget_black_studio_tinymce panel-first-child panel-last-child\" data-index=\"0\" ><div class=\"textwidget\">Jeweils an einem Samstag Ende M\u00e4rz\/Anfangs April findet bei der Ch\u00e4rnshalle in Rothenburg das traditionelle Faustballturnier und der Volleyballturnier statt. Seit \u00fcber 55 Jahren wird auf den Aussenpl\u00e4tzen Faustball und in der Halle Volleyball gespielt.\n\nDas n\u00e4chste Turnier findet am <span style=\"color: #ee2737;\">Samstag 9.April 2022<\/span>&nbsp;statt.\n\n<strong>Gerne laden wir eure Mannschaft zu unseren Turnieren ein!<\/strong><\/div><\/div><\/div><\/div><div id=\"pg-223-1\"  class=\"panel-grid panel-no-style\" ><div id=\"pgc-223-1-0\"  class=\"panel-grid-cell\" ><div id=\"panel-223-1-0-0\" class=\"so-panel widget widget_dynamicnews_category_posts_grid dynamicnews_category_posts_grid panel-first-child panel-last-child\" data-index=\"1\" ><h3 class=\"widget-title\">Ausschreibung \/ Spielpl\u00e4ne<\/h3>\t\t<div id=\"widget-category-posts-grid\" class=\"widget-category-posts clearfix\">\n\t\t\n\t\t\t\n\t\t\t\t\t\t\t<div class=\"category-posts-grid-row clearfix\">\n\t\t\t\n\t\t\t\t<article id=\"post-12098\" class=\"post-12098 post type-post status-publish format-standard has-post-thumbnail hentry category-anlaesse category-ausschreibung\">\n\n\t\t\t\t\t<a href=\"https:\/\/mtv-rothenburg.ch\/wordpress\/volleyball-turnier-ausschreibung-2026\/\" rel=\"bookmark\"><img fetchpriority=\"high\" decoding=\"async\" width=\"420\" height=\"140\" src=\"https:\/\/mtv-rothenburg.ch\/wordpress\/wp-content\/uploads\/2015\/09\/faviconMTV-420x140.png\" class=\"attachment-category_posts_wide_thumb size-category_posts_wide_thumb wp-post-image\" alt=\"\" \/><\/a>\n\n\t\t\t\t\t<h3 class=\"post-title\"><a href=\"https:\/\/mtv-rothenburg.ch\/wordpress\/volleyball-turnier-ausschreibung-2026\/\" rel=\"bookmark\">Volleyball-Turnier Ausschreibung 2026<\/a><\/h3>\n\n\t\t\t\t\t<div class=\"postmeta\">\n\t<span class=\"meta-date\">\n\t<a href=\"https:\/\/mtv-rothenburg.ch\/wordpress\/volleyball-turnier-ausschreibung-2026\/\" title=\"19:28\" rel=\"bookmark\"><time datetime=\"2026-01-12T19:28:22+01:00\">12. Januar 2026<\/time><\/a>\t<\/span>\n\n\t<span class=\"meta-comments sep\">\n\t\t<a href=\"https:\/\/mtv-rothenburg.ch\/wordpress\/volleyball-turnier-ausschreibung-2026\/#respond\">Hinterlasse einen Kommentar<\/a>\t<\/span>\n<\/div>\n\n\t\t\t\t\t<div class=\"entry\">\n\t\t\t\t\t\t<p>22. M\u00e4nnerturner Volleyball-Turnier am Samstag, 18. April 2026 in Rothenburg Gesch\u00e4tzte Volleyballbegeisterte Das diesj\u00e4hrige Plauschturnier (ohne lizenzierte Teams und Spieler) startet am&nbsp; Samstagmorgen um 9.00<\/p>\n\t\t\t\t\t<\/div>\n\n\t\t\t\t<\/article>\n\n\t\t\t\n\t\t\t\t<\/div>\n\n\t\t<\/div>\n\t<\/div><\/div><div id=\"pgc-223-1-1\"  class=\"panel-grid-cell\" ><div id=\"panel-223-1-1-0\" class=\"so-panel widget widget_dynamicnews_category_posts_grid dynamicnews_category_posts_grid panel-first-child panel-last-child\" data-index=\"2\" ><h3 class=\"widget-title\">Berichte<\/h3>\t\t<div id=\"widget-category-posts-grid\" class=\"widget-category-posts clearfix\">\n\t\t\n\t\t\t\n\t\t\t\t\t\t\t<div class=\"category-posts-grid-row clearfix\">\n\t\t\t\n\t\t\t\t<article id=\"post-11498\" class=\"post-11498 post type-post status-publish format-standard has-post-thumbnail hentry category-berichte category-berichte-turnier\">\n\n\t\t\t\t\t<a href=\"https:\/\/mtv-rothenburg.ch\/wordpress\/bericht-20-maennerturner-volleyballturnier\/\" rel=\"bookmark\"><img decoding=\"async\" width=\"420\" height=\"140\" src=\"https:\/\/mtv-rothenburg.ch\/wordpress\/wp-content\/uploads\/2024\/04\/IMG_3519-420x140.jpeg\" class=\"attachment-category_posts_wide_thumb size-category_posts_wide_thumb wp-post-image\" alt=\"\" \/><\/a>\n\n\t\t\t\t\t<h3 class=\"post-title\"><a href=\"https:\/\/mtv-rothenburg.ch\/wordpress\/bericht-20-maennerturner-volleyballturnier\/\" rel=\"bookmark\">Bericht 20. M\u00e4nnerturner-Volleyballturnier<\/a><\/h3>\n\n\t\t\t\t\t<div class=\"postmeta\">\n\t<span class=\"meta-date\">\n\t<a href=\"https:\/\/mtv-rothenburg.ch\/wordpress\/bericht-20-maennerturner-volleyballturnier\/\" title=\"16:46\" rel=\"bookmark\"><time datetime=\"2024-04-14T16:46:49+02:00\">14. April 2024<\/time><\/a>\t<\/span>\n\n<\/div>\n\n\t\t\t\t\t<div class=\"entry\">\n\t\t\t\t\t\t<p>Rundum gelungenes Jubil\u00e4ums-Volleyballturnier Die 20. Austragung des MTV-Volleyballturniers war ein voller Erfolg. Zw\u00f6lf Mannschaften von nah und fern k\u00e4mpften in attraktiven Spielen um den Sieg,<\/p>\n\t\t\t\t\t<\/div>\n\n\t\t\t\t<\/article>\n\n\t\t\t\n\t\n\t\t\t\n\t\t\t\t<article id=\"post-9562\" class=\"post-9562 post type-post status-publish format-standard has-post-thumbnail hentry category-berichte category-berichte-turnier\">\n\n\t\t\t\t\t<a href=\"https:\/\/mtv-rothenburg.ch\/wordpress\/bericht-volleyballturnier-6-4-2019\/\" rel=\"bookmark\"><img decoding=\"async\" width=\"420\" height=\"140\" src=\"https:\/\/mtv-rothenburg.ch\/wordpress\/wp-content\/uploads\/2019\/04\/IMG_6663-e1554641739255-420x140.jpg\" class=\"attachment-category_posts_wide_thumb size-category_posts_wide_thumb wp-post-image\" alt=\"\" \/><\/a>\n\n\t\t\t\t\t<h3 class=\"post-title\"><a href=\"https:\/\/mtv-rothenburg.ch\/wordpress\/bericht-volleyballturnier-6-4-2019\/\" rel=\"bookmark\">Bericht Volleyballturnier 6.4.2019<\/a><\/h3>\n\n\t\t\t\t\t<div class=\"postmeta\">\n\t<span class=\"meta-date\">\n\t<a href=\"https:\/\/mtv-rothenburg.ch\/wordpress\/bericht-volleyballturnier-6-4-2019\/\" title=\"14:54\" rel=\"bookmark\"><time datetime=\"2019-04-07T14:54:42+02:00\">7. April 2019<\/time><\/a>\t<\/span>\n\n<\/div>\n\n\t\t\t\t\t<div class=\"entry\">\n\t\t\t\t\t\t<p>B\u00fchne frei f\u00fcr die Volleyballer! Beim traditionellen Faust- und Volleballturnier des MTV Rothenburg am 6. April konnte f\u00fcr einmal kein Faustball gespielt werden. Also galt<\/p>\n\t\t\t\t\t<\/div>\n\n\t\t\t\t<\/article>\n\n\t\t\t\t\t\t\t<\/div>\n\t\t\t\n\t\n\t\t<\/div>\n\t<\/div><\/div><\/div><\/div>","protected":false},"excerpt":{"rendered":"<p>Jeweils an einem Samstag Ende M\u00e4rz\/Anfangs April findet bei der Ch\u00e4rnshalle in Rothenburg das traditionelle Faustballturnier und der Volleyballturnier statt. Seit \u00fcber 55 Jahren wird auf den Aussenpl\u00e4tzen Faustball und in der Halle Volleyball gespielt. Das n\u00e4chste Turnier findet am Samstag 9.April 2022&nbsp;statt. Gerne laden wir eure Mannschaft zu unseren Turnieren ein!<\/p>\n","protected":false},"author":1,"featured_media":1232,"parent":0,"menu_order":5,"comment_status":"closed","ping_status":"closed","template":"template-fullwidth.php","meta":{"ngg_post_thumbnail":0,"footnotes":""},"class_list":["post-223","page","type-page","status-publish","has-post-thumbnail","hentry"],"publishpress_future_action":{"enabled":false,"date":"2026-04-25 00:55:51","action":"change-status","newStatus":"draft","terms":[],"taxonomy":"","extraData":[]},"publishpress_future_workflow_manual_trigger":{"enabledWorkflows":[]},"_links":{"self":[{"href":"https:\/\/mtv-rothenburg.ch\/wordpress\/wp-json\/wp\/v2\/pages\/223","targetHints":{"allow":["GET"]}}],"collection":[{"href":"https:\/\/mtv-rothenburg.ch\/wordpress\/wp-json\/wp\/v2\/pages"}],"about":[{"href":"https:\/\/mtv-rothenburg.ch\/wordpress\/wp-json\/wp\/v2\/types\/page"}],"author":[{"embeddable":true,"href":"https:\/\/mtv-rothenburg.ch\/wordpress\/wp-json\/wp\/v2\/users\/1"}],"replies":[{"embeddable":true,"href":"https:\/\/mtv-rothenburg.ch\/wordpress\/wp-json\/wp\/v2\/comments?post=223"}],"version-history":[{"count":68,"href":"https:\/\/mtv-rothenburg.ch\/wordpress\/wp-json\/wp\/v2\/pages\/223\/revisions"}],"predecessor-version":[{"id":11253,"href":"https:\/\/mtv-rothenburg.ch\/wordpress\/wp-json\/wp\/v2\/pages\/223\/revisions\/11253"}],"wp:featuredmedia":[{"embeddable":true,"href":"https:\/\/mtv-rothenburg.ch\/wordpress\/wp-json\/wp\/v2\/media\/1232"}],"wp:attachment":[{"href":"https:\/\/mtv-rothenburg.ch\/wordpress\/wp-json\/wp\/v2\/media?parent=223"}],"curies":[{"name":"wp","href":"https:\/\/api.w.org\/{rel}","templated":true}]}}