{"id":169,"date":"2014-06-04T16:58:39","date_gmt":"2014-06-04T16:58:39","guid":{"rendered":"http:\/\/mtv-rothenburg.ch\/wordpress\/?page_id=169"},"modified":"2025-12-14T11:49:13","modified_gmt":"2025-12-14T10:49:13","slug":"ehrenmitglieder-mtv-rothenburg","status":"publish","type":"page","link":"https:\/\/mtv-rothenburg.ch\/wordpress\/verein\/ehrenmitglieder-mtv-rothenburg\/","title":{"rendered":"Ehrenmitglieder MTV Rothenburg"},"content":{"rendered":"<p style=\"color: #1f0e05;\">Unsere Ehrenmitglieder haben sich durch ihr jahrelanges, grosses Engagement f\u00fcr den Erhalt und die Entwicklung des Vereins verdient gemacht:<\/p>\n<table style=\"color: #1f0e05; width: 100%; height: 1636px;\" border=\"0\" align=\"left\">\n<tbody>\n<tr style=\"height: 70px;\">\n<td style=\"height: 70px;\"><strong>Kaufmann Robert<br \/>\n<\/strong> Gr\u00fcndungsmitglied MTV. Diverse Vorstandsfunktionen.<br \/>\nGestorben 27. November 2013.<\/td>\n<td style=\"height: 70px;\" valign=\"top\"><strong>Ernennung: 1971<\/strong><\/td>\n<\/tr>\n<tr style=\"height: 93px;\">\n<td style=\"height: 93px;\"><strong>Glatt Werner<br \/>\n<\/strong> Gr\u00fcndungsmitglied MTV.<br \/>\nDiverse Vorstandsfunktionen.<br \/>\nGestorben 30. Mai 1992.<\/td>\n<td style=\"height: 93px;\" valign=\"top\"><strong>Ernennung: 1971<\/strong><\/td>\n<\/tr>\n<tr style=\"height: 93px;\">\n<td style=\"height: 93px;\"><strong>Kupper Franz<br \/>\n<\/strong> Gr\u00fcndungsmitglied MTV.<br \/>\n1. Pr\u00e4sident 1954 \u2013 1961.<br \/>\nGestorben 17. November 2003.<\/td>\n<td style=\"height: 93px;\" valign=\"top\"><strong>Ernennung: 1971<\/strong><\/td>\n<\/tr>\n<tr style=\"height: 93px;\">\n<td style=\"height: 93px;\"><strong>Diriw\u00e4chter Erwin<br \/>\n<\/strong> Gr\u00fcndungsmitglied MTV.<br \/>\nDiverse Vorstandsfunktionen.<br \/>\nGestorben 13. Februar 1993.<\/td>\n<td style=\"height: 93px;\" valign=\"top\"><strong>Ernennung: 1971<\/strong><\/td>\n<\/tr>\n<tr style=\"height: 93px;\">\n<td style=\"height: 93px;\"><strong>Kritzer Anton<br \/>\n<\/strong> Vorstandst\u00e4tigkeit und OK-Pr\u00e4sident.<br \/>\nMehrj\u00e4hriger Techn. Leiter im Kant. M\u00e4nnerturnverband LU\/OW\/NW.<br \/>\nEhrenmitglied seit 1974 im Turnverband LU\/OW\/NW.<br \/>\nGestorben 31. Januar 2024.<\/td>\n<td style=\"height: 93px;\" valign=\"top\"><strong>Ernennung: 1975<\/strong><\/td>\n<\/tr>\n<tr style=\"height: 116px;\">\n<td style=\"height: 116px;\"><strong>Heggli Max<br \/>\n<\/strong> Vorstandst\u00e4tigkeit.<br \/>\nEr hat den MTV Rothenburg in seinen 20 Jahren als Oberturner popul\u00e4r gemacht.<br \/>\nEhrenmitglied seit 1983 im Turnverband LU\/OW\/NW.<br \/>\nGestorben 26. Oktober 2015<\/td>\n<td style=\"height: 116px;\" valign=\"top\"><strong>Ernennung: 1989<\/strong><\/td>\n<\/tr>\n<tr style=\"height: 46px;\">\n<td style=\"height: 46px;\"><strong>B\u00fctler Walter<br \/>\n<\/strong> Vorstandst\u00e4tigkeit und OK-Mitglied zahlreicher Grossanl\u00e4sse.<\/td>\n<td style=\"height: 46px;\" valign=\"top\"><strong>Ernennung: 1989<\/strong><\/td>\n<\/tr>\n<tr style=\"height: 46px;\">\n<td style=\"height: 46px;\"><strong>Stutz Josef<br \/>\n<\/strong> Fahneng\u00f6tti anl\u00e4sslich der Fahnenweihe des MTV im Jahre 1989.<br \/>\nGestorben 14. Februar 2024.<\/td>\n<td style=\"height: 46px;\" valign=\"top\"><strong>Ernennung: 1989<\/strong><\/td>\n<\/tr>\n<tr style=\"height: 46px;\">\n<td style=\"height: 46px;\"><strong>Lipp K\u00e4thi<br \/>\n<\/strong> Fahnengotte anl\u00e4sslich der Fahnenweihe des MTV im Jahre 1989.<\/td>\n<td style=\"height: 46px;\" valign=\"top\"><strong>Ernennung: 1989<\/strong><\/td>\n<\/tr>\n<tr style=\"height: 70px;\">\n<td style=\"height: 70px;\"><strong>Zettel Ferdy<br \/>\n<\/strong> Vorstandst\u00e4tigkeit.<br \/>\nOK-Pr\u00e4sident vieler Grossanl\u00e4sse.<\/td>\n<td style=\"height: 70px;\" valign=\"top\"><strong>Ernennung: 1991<\/strong><\/td>\n<\/tr>\n<tr style=\"height: 93px;\">\n<td style=\"height: 93px;\"><strong>Bucher Franz<br \/>\n<\/strong> Vorstandst\u00e4tigkeit.<br \/>\nSehr engagierter Turner und M\u00e4dchen f\u00fcr Alles.<br \/>\nGestorben am 15. November 2019<\/td>\n<td style=\"height: 93px;\" valign=\"top\"><strong>Ernennung: 1995<\/strong><\/td>\n<\/tr>\n<tr style=\"height: 116px;\">\n<td style=\"height: 116px;\"><strong>Roth Josef<br \/>\n<\/strong> Gr\u00fcnder und Riegenleiter der Sen. Riege des MTV 1984.<br \/>\nOrganisator vieler Ausfl\u00fcge und Wanderungen der Senioren Riege.<br \/>\nInitiant zur Gr\u00fcndung des Seniorenstamms.<br \/>\nGestorben am 03. M\u00e4rz 2011<\/td>\n<td style=\"height: 116px;\" valign=\"top\"><strong>Ernennung: 1999<\/strong><\/td>\n<\/tr>\n<tr style=\"height: 70px;\">\n<td style=\"height: 70px;\"><strong>Scheidegger Hans<br \/>\n<\/strong> Gr\u00fcnder und Riegenleiter der Senioren Riege des MTV 1984.<br \/>\nOrganisator vieler Anl\u00e4sse und Wanderungen der Senioren Riege.<\/td>\n<td style=\"height: 70px;\" valign=\"top\"><strong>Ernennung: 1999<\/strong><\/td>\n<\/tr>\n<tr style=\"height: 116px;\">\n<td style=\"height: 116px;\"><strong>Rey Erwin<br \/>\n<\/strong> Vorstandst\u00e4tigkeit und OK-Mitglied zahlreicher Grossanl\u00e4sse.<br \/>\nH\u00f6hepunkt w\u00e4hrend seiner Amtszeit als Oberturner war der Turnfestsieg<br \/>\nam Eidg. Turnfest 1996 in Bern.<br \/>\nSehr engagierter Turner, Bastler und M\u00e4dchen f\u00fcr Alles.<\/td>\n<td style=\"height: 116px;\" valign=\"top\"><strong>Ernennung: 1999<\/strong><\/td>\n<\/tr>\n<tr style=\"height: 70px;\">\n<td style=\"height: 70px;\"><strong>Arregger Franz-Josef<br \/>\n<\/strong> Vorstandst\u00e4tigkeit und OK-Mitglied zahlreicher Grossanl\u00e4sse.<br \/>\nOrganisator vieler Vereins-Ausfl\u00fcge.<br \/>\nGestorben am 12. Dezember 2024<\/td>\n<td style=\"height: 70px;\" valign=\"top\"><strong>Ernennung: 2001<\/strong><\/td>\n<\/tr>\n<tr style=\"height: 70px;\">\n<td style=\"height: 70px;\"><strong>Peter Josef<br \/>\n<\/strong> Vorstandst\u00e4tigkeit und OK-Mitglied zahlreicher Grossanl\u00e4sse.<br \/>\nOrganisator vieler Familienwanderungen.<\/td>\n<td style=\"height: 70px;\" valign=\"top\"><strong>Ernennung: 2008<\/strong><\/td>\n<\/tr>\n<tr style=\"height: 46px;\">\n<td style=\"height: 46px;\"><strong>Pfister Peter<br \/>\n<\/strong> <span style=\"color: #1f0e05;\">Sehr engagierter Turner und Vorturner. Organisator von diversen Anl\u00e4ssen.<\/span><\/td>\n<td style=\"height: 46px;\" valign=\"top\"><strong>Ernennung: 2010<\/strong><\/td>\n<\/tr>\n<tr style=\"height: 46px;\">\n<td style=\"height: 46px;\"><strong>Albrecht Anton<br \/>\n<\/strong> Vorstandst\u00e4tigkeit und OK-Mitglied zahlreicher Grossanl\u00e4sse.<\/td>\n<td style=\"height: 46px;\" valign=\"top\"><strong>Ernennung: 2011<\/strong><\/td>\n<\/tr>\n<tr style=\"height: 46px;\">\n<td style=\"height: 46px;\"><strong>Imgr\u00fcth&nbsp;Pius<br \/>\n<\/strong> Vorstandst\u00e4tigkeit<strong>&nbsp;<\/strong>und als \u201eFestwirt\u201c Organisator diversen Anl\u00e4ssen.<\/td>\n<td style=\"height: 46px;\" valign=\"top\"><strong>Ernennung: 2017<\/strong><\/td>\n<\/tr>\n<tr style=\"height: 25px;\">\n<td style=\"height: 10px;\"><strong>Stalder Walter<br \/>\n<\/strong><span style=\"color: #1f0e05;\">Sehr engagierter Turner und Vorturner. Diverse OK&#8217;s Turnier und Schwingfest, Vereinsfotograf<\/span><strong><br \/>\n<\/strong><\/td>\n<td style=\"height: 10px;\"><strong>Ernennung: 2022<\/strong><\/td>\n<\/tr>\n<tr style=\"height: 68px;\">\n<td style=\"height: 68px;\"><strong>Rolf Steiger<br \/>\n<\/strong>Vorstandst\u00e4tigkeit als Pr\u00e4sident und Beisitzer. OK-Chef M\u00e4nnerturntag. Diverse OK&#8217;s<\/td>\n<td style=\"height: 68px;\"><strong>Ernennung:<br \/>\n2023<\/strong><\/td>\n<\/tr>\n<tr style=\"height: 23px;\">\n<td style=\"height: 23px;\"><strong>Urs Widmer<br \/>\n<\/strong>Vorstandst\u00e4tigkeit als Oberturner. OK-Vize M\u00e4nnerturntag. Webseite<strong><br \/>\n<\/strong><\/td>\n<td style=\"height: 23px;\"><strong>Ernennung:<br \/>\n2023<\/strong><\/td>\n<\/tr>\n<tr style=\"height: 50px;\">\n<td style=\"height: 50px;\"><strong>Ivo Huser<br \/>\n<\/strong>Langj\u00e4hrige Vorstandst\u00e4tigkeit als Materialwart und Aktuar, Organisator diverser Vereinsausfl\u00fcge, sehr engagierter Turner, zahlreiche Helfereins\u00e4tze f\u00fcr den MTV.<\/td>\n<td style=\"height: 50px;\"><strong>Ernennung:<br \/>\n2025<\/strong><\/td>\n<\/tr>\n<tr style=\"height: 46px;\">\n<td style=\"height: 46px;\"><strong>Roland Christen<br \/>\n<\/strong>Langj\u00e4hrige Vorstandst\u00e4tigkeit als Aktuar, sehr engagierter Turner, zahlreiche Helfereins\u00e4tze f\u00fcr den MTV.<\/td>\n<td style=\"height: 46px;\"><strong>Ernennung:<br \/>\n2025<\/strong><\/td>\n<\/tr>\n<\/tbody>\n<\/table>\n<p>&nbsp;<\/p>\n","protected":false},"excerpt":{"rendered":"<p>Unsere Ehrenmitglieder haben sich durch ihr jahrelanges, grosses Engagement f\u00fcr den Erhalt und die Entwicklung des Vereins verdient gemacht: Kaufmann Robert Gr\u00fcndungsmitglied MTV. Diverse Vorstandsfunktionen. Gestorben 27. November 2013. Ernennung: 1971 Glatt Werner Gr\u00fcndungsmitglied MTV. Diverse Vorstandsfunktionen. Gestorben 30. Mai 1992. Ernennung: 1971 Kupper Franz Gr\u00fcndungsmitglied MTV. 1. Pr\u00e4sident 1954 \u2013 1961. Gestorben 17. November 2003. Ernennung: 1971 Diriw\u00e4chter Erwin<\/p>\n","protected":false},"author":1,"featured_media":0,"parent":47,"menu_order":1,"comment_status":"closed","ping_status":"closed","template":"","meta":{"ngg_post_thumbnail":0,"footnotes":""},"class_list":["post-169","page","type-page","status-publish","hentry"],"publishpress_future_action":{"enabled":false,"date":"2026-04-25 00:54:58","action":"change-status","newStatus":"draft","terms":[],"taxonomy":"","extraData":[]},"publishpress_future_workflow_manual_trigger":{"enabledWorkflows":[]},"_links":{"self":[{"href":"https:\/\/mtv-rothenburg.ch\/wordpress\/wp-json\/wp\/v2\/pages\/169","targetHints":{"allow":["GET"]}}],"collection":[{"href":"https:\/\/mtv-rothenburg.ch\/wordpress\/wp-json\/wp\/v2\/pages"}],"about":[{"href":"https:\/\/mtv-rothenburg.ch\/wordpress\/wp-json\/wp\/v2\/types\/page"}],"author":[{"embeddable":true,"href":"https:\/\/mtv-rothenburg.ch\/wordpress\/wp-json\/wp\/v2\/users\/1"}],"replies":[{"embeddable":true,"href":"https:\/\/mtv-rothenburg.ch\/wordpress\/wp-json\/wp\/v2\/comments?post=169"}],"version-history":[{"count":13,"href":"https:\/\/mtv-rothenburg.ch\/wordpress\/wp-json\/wp\/v2\/pages\/169\/revisions"}],"predecessor-version":[{"id":12013,"href":"https:\/\/mtv-rothenburg.ch\/wordpress\/wp-json\/wp\/v2\/pages\/169\/revisions\/12013"}],"up":[{"embeddable":true,"href":"https:\/\/mtv-rothenburg.ch\/wordpress\/wp-json\/wp\/v2\/pages\/47"}],"wp:attachment":[{"href":"https:\/\/mtv-rothenburg.ch\/wordpress\/wp-json\/wp\/v2\/media?parent=169"}],"curies":[{"name":"wp","href":"https:\/\/api.w.org\/{rel}","templated":true}]}}