{"id":163,"date":"2014-06-04T16:53:19","date_gmt":"2014-06-04T16:53:19","guid":{"rendered":"http:\/\/mtv-rothenburg.ch\/wordpress\/?page_id=163"},"modified":"2024-04-28T10:43:44","modified_gmt":"2024-04-28T08:43:44","slug":"vorstand","status":"publish","type":"page","link":"https:\/\/mtv-rothenburg.ch\/wordpress\/verein\/vorstand\/","title":{"rendered":"Vorstand"},"content":{"rendered":"<p><img fetchpriority=\"high\" decoding=\"async\" class=\"aligncenter size-full wp-image-10581\" src=\"https:\/\/mtv-rothenburg.ch\/wordpress\/wp-content\/uploads\/2023\/10\/Vorstand-2023.jpg\" alt=\"\" width=\"2560\" height=\"1048\"><\/p>\n<table style=\"color: #1f0e05;\" border=\"0\">\n<tbody>\n<tr>\n<td><span style=\"color: #333333;\">Pr\u00e4sident:<\/span><\/td>\n<td><span style=\"color: #333333;\"><a style=\"color: #333333;\" href=\"mailto:urban.schwegler@bluewin.ch\">Urban Schwegler<\/a><\/span><\/td>\n<\/tr>\n<tr>\n<td><span style=\"color: #333333;\">Oberturner:<\/span><\/td>\n<td><span style=\"color: #000000;\"><a style=\"color: #000000;\" href=\"mailto:norim@gmx.ch\">Miron Bischof<\/a><\/span><\/td>\n<\/tr>\n<tr>\n<td><span style=\"color: #333333;\">Verwalter Material+Anl\u00e4sse:<\/span><\/td>\n<td><span style=\"color: #333333;\"><a style=\"color: #333333;\" href=\"mailto:stebu1@bluewin.ch\">Stefan Bucher<\/a><\/span><\/td>\n<\/tr>\n<tr>\n<td><span style=\"color: #333333;\">Aktuar:<\/span><\/td>\n<td><span style=\"color: #333333;\"><a style=\"color: #333333;\" href=\"mailto:e.r.christen@gmx.ch\">Roland Christen<\/a><\/span><\/td>\n<\/tr>\n<tr>\n<td><span style=\"color: #333333;\">Kassier:<\/span><\/td>\n<td><span style=\"color: #333333;\"><a style=\"color: #333333;\" href=\"mailto:huser16@bluewin.ch\">Ivo Huser<\/a><\/span><\/td>\n<\/tr>\n<\/tbody>\n<\/table>\n<p style=\"color: #1f0e05;\">Klicke auf unsere Namen, um uns ein Mail zusenden&#8230;<\/p>\n<hr style=\"color: #1f0e05;\">\n<p style=\"color: #1f0e05;\"><strong>Warum mache ich im M\u00e4nnerturnverein (MTV) mit ?<\/strong><\/p>\n<p><strong>Urban Schwegler, Pr\u00e4sident<\/strong><\/p>\n<p>Irgendwann kommt das Alter, in dem man realisiert, wie wichtig regelm\u00e4ssige und vielseitige Bewegung ist. Als eigentlich bewegungsfreudiger Mensch gab es bei mir immer wieder Zeiten, in denen ich mich kaum sportlich bet\u00e4tigte, besonders in den Wintermonaten. So liess ich mich von meinem Nachbarn gern \u00fcberreden, mal ein Probetraining des MTV Rothenburg zu besuchen &#8211; obwohl ich eigentlich keinem Verein beitreten wollte. Zu viele Verpflichtungen und Termine, dachte ich. Die Bedenken aber zerstreuten sich rasch. Das Training gefiel mir auf Anhieb, die gute Mischung aus Fitness, Kraft, Ausdauer, Spiel und Spass \u00fcberzeugten mich. Ebenso viel Freude machte mir die gute Kameradschaft, die nicht an der T\u00fcre zur Turnhalle aufh\u00f6rt. Seit meinem Eintritt in den MTV durfte ich schon viele gem\u00fctliche und auch unvergessliche Stunden erleben. Und das mit den Verpflichtungen h\u00e4lt sich auch in Grenzen! Der MTV hilft mir, physisch und psychisch gesund zu bleiben. Ich m\u00f6chte ihn nicht mehr missen!<\/p>\n<p style=\"color: #1f0e05;\"><strong>Stefan Bucher;&nbsp; Material+Anl\u00e4sse<\/strong><\/p>\n<p>Der Donnerstagabend ist in meinem Kalender fest reserviert f\u00fcr den MTV. Der richtige Mix von Ausdauer, Kr\u00e4ftigung und Spiel macht&#8217;s aus. Nat\u00fcrlich wird so manche Turnprobe mit einem geselligen Beisammensein abgeschlossen. Das Vereinsleben mit all seinen Facetten gef\u00e4llt mir besonders. Dazu geh\u00f6ren Wanderungen, Ausfl\u00fcge, Engagement an Dorfanl\u00e4ssen und nat\u00fcrlich mein Amt im Vorstand. Mit meiner Begeisterung konnte ich so manchen Intersessierten motivieren bei uns mitzumachen. Also los, komm vorbei und lerne uns bei einem Schnuppertraining kennen.<\/p>\n<p style=\"color: #1f0e05;\"><strong>Urs Widmer;&nbsp; Oberturner (ehem)<\/strong><\/p>\n<p>Ein Donnerstag ohne MTV, ohne Turnen mit meinen Kollegen, ohne Schwitzen in der Halle &#8211; bei Koordinations-, Kraft-, Ausdauer-, oder Herz-Kreislauftrainings, ohne Spiel und Spass bei Fuss-, Volleyball oder Unihockey und selbstverst\u00e4ndlich ohne gem\u00fctliches Danach bei feinem Getr\u00e4nke&#8230; &#8230;f\u00fcr mich fast unvorstellbar &#8211; und sowieso, nach dem langen Unterbruch zu Coronazeiten, sch\u00e4tze ich es umso mehr. Darum lade ich sehr gerne&nbsp; JEDEN sportlichen Mann ein, bei uns auf ein unverbindlich Schnuppertraining vorbei zukommen. Denn auch du wirst feststellen, ein Donnerstag ohne MTV &#8230;fast unvorstellbar!<\/p>\n<p style=\"color: #1f0e05;\"><strong>Ivo Huser;&nbsp; Kassier<\/strong><\/p>\n<p style=\"color: #1f0e05;\">Ich bin seit der Jugendriege mit dem Schweiz. Turnverband (STV) verbunden, beim dem auch der MTV angeschlossen ist. Die beiden Hauptgr\u00fcnde dem MTV nach den Sommerferien 2008 beizutreten waren &#8211; 1. Durch die aktive Teilnahme in einem Dorfverein wird die Integration ins Dorfleben zur Wirklichkeit. 2. &#8222;wer rastet, der rostet&#8220; &#8211; Unter diesem Slogan habe ich es noch nie bereut diesen Schritt getan zu haben. Die Aufnahme\/Akzeptanz durch die Turnkollegen war toll und die abwechslungsreichen Trainings, ob Koordination, Kraft, Ausdauer oder Spiel sagen mir zu und geben mir den n\u00f6tigen und wichtigen Ausgleich zu meiner sitzenden T\u00e4tigkeit im Beruf. Als ich angefragt wurde aktiv im Vorstand t\u00e4tig zu werden, hat mich das gleichermassen geehrt und gefreut. Die Kameradschaft wird beim MTV durch zahlreiche Anl\u00e4sse w\u00e4hrend des Jahres gepflegt und gef\u00f6rdert. Man lernt viele unterschiedliche Ansichten, Meinungen, Interessen und Charakteren kennen und sch\u00e4tzten. Diese spezielle Mischung h\u00e4lt sich bei uns im MTV die Balance. G\u00e4be es die Donnerstag-Abende mit dem MTV nicht, man m\u00fcsste sie erfinden.<\/p>\n<p style=\"color: #1f0e05;\"><strong><span style=\"color: #000000;\">Roland Christen, Aktuar<\/span><\/strong><\/p>\n<p style=\"color: #1f0e05;\">Der M\u00e4nnerturnverein ist f\u00fcr mich eine ideale Verbindung zwischen sportlicher Bet\u00e4tigung und geselligem Vereinsleben. Dabei kann ich den K\u00f6rper in Bewegung halten und mir etwas Abwechslung zum B\u00fcro Alltag verschaffen. Sport und die Mitwirkung im Vereinsleben bilden seit der Schulzeit einen Teil meiner Freizeitgestaltung. Ein Dorf lebt nicht zuletzt dank der Vielzahl seiner Vereine und deren unterschiedlichen Aktivit\u00e4ten. Beim MTV erfahre ich eine gesunde Durchmischung von Sport, Kollegialit\u00e4t und Engagement bei sportlichen und geselligen Anl\u00e4ssen in der Gemeinde.<\/p>\n<p style=\"color: #1f0e05;\"><strong>Rolf Steiger; Beisitzer (ehem)<\/strong><\/p>\n<p>Meine eigentliche (sportliche) Herkunft ist der Fussball. Nach Beendigung meiner Aktivkarriere als Fussball-Schiedsrichter habe ich mich dem Laufsport verschrieben. Nachdem sich Kniebeschwerden bemerkbar machten, musste ich wiederum umsatteln. Radsport wurde meine Sportart. 2008 sind wir in Rothenburg zugezogen. Dieser Umzug war gleichzeitig auch ein sportlicher Neuanfang. Nur Radsport konnte es auf die Dauer nicht sein. Zudem ging es auch darum, soziale Kontakte zu kn\u00fcpfen. F\u00fcr die Feuerwehr war ich zu alt, also machte ich vom \u201eSchnupperangebot\u201c des MTV Gebrauch. Ein weiser Entscheid, wie sich zeigen sollte. Meine Erwartungen wurden und werden immer noch vollumf\u00e4nglich erf\u00fcllt. Sofortige Akzeptanz, regelm\u00e4ssige, polysportive Aktivit\u00e4ten praktisch w\u00e4hrend des ganzen Jahres, gegenseitige Unterst\u00fctzung und eine tolle Kameradschaft \u00fcber mehrere Generationen hinweg sind MTV-Qualit\u00e4ten die ich nicht mehr missen m\u00f6chte. Nachdem ich den MTV w\u00e4hrend neun Jahren als Pr\u00e4sident f\u00fchren durfte, stelle ich meine Zeit und Kompetenzen dem Verein weiterhin gerne zur Verf\u00fcgung.<\/p>\n","protected":false},"excerpt":{"rendered":"<p>Pr\u00e4sident: Urban Schwegler Oberturner: Miron Bischof Verwalter Material+Anl\u00e4sse: Stefan Bucher Aktuar: Roland Christen Kassier: Ivo Huser Klicke auf unsere Namen, um uns ein Mail zusenden&#8230; Warum mache ich im M\u00e4nnerturnverein (MTV) mit ? Urban Schwegler, Pr\u00e4sident Irgendwann kommt das Alter, in dem man realisiert, wie wichtig regelm\u00e4ssige und vielseitige Bewegung ist. Als eigentlich bewegungsfreudiger Mensch gab es bei mir immer<\/p>\n","protected":false},"author":1,"featured_media":0,"parent":47,"menu_order":0,"comment_status":"closed","ping_status":"closed","template":"","meta":{"ngg_post_thumbnail":0,"footnotes":""},"class_list":["post-163","page","type-page","status-publish","hentry"],"publishpress_future_action":{"enabled":false,"date":"2026-04-24 10:02:43","action":"change-status","newStatus":"draft","terms":[],"taxonomy":"","extraData":[]},"publishpress_future_workflow_manual_trigger":{"enabledWorkflows":[]},"_links":{"self":[{"href":"https:\/\/mtv-rothenburg.ch\/wordpress\/wp-json\/wp\/v2\/pages\/163","targetHints":{"allow":["GET"]}}],"collection":[{"href":"https:\/\/mtv-rothenburg.ch\/wordpress\/wp-json\/wp\/v2\/pages"}],"about":[{"href":"https:\/\/mtv-rothenburg.ch\/wordpress\/wp-json\/wp\/v2\/types\/page"}],"author":[{"embeddable":true,"href":"https:\/\/mtv-rothenburg.ch\/wordpress\/wp-json\/wp\/v2\/users\/1"}],"replies":[{"embeddable":true,"href":"https:\/\/mtv-rothenburg.ch\/wordpress\/wp-json\/wp\/v2\/comments?post=163"}],"version-history":[{"count":23,"href":"https:\/\/mtv-rothenburg.ch\/wordpress\/wp-json\/wp\/v2\/pages\/163\/revisions"}],"predecessor-version":[{"id":11523,"href":"https:\/\/mtv-rothenburg.ch\/wordpress\/wp-json\/wp\/v2\/pages\/163\/revisions\/11523"}],"up":[{"embeddable":true,"href":"https:\/\/mtv-rothenburg.ch\/wordpress\/wp-json\/wp\/v2\/pages\/47"}],"wp:attachment":[{"href":"https:\/\/mtv-rothenburg.ch\/wordpress\/wp-json\/wp\/v2\/media?parent=163"}],"curies":[{"name":"wp","href":"https:\/\/api.w.org\/{rel}","templated":true}]}}