{"id":1142,"date":"2014-07-08T14:03:30","date_gmt":"2014-07-08T14:03:30","guid":{"rendered":"http:\/\/mtv-rothenburg.ch\/wordpress\/?page_id=1142"},"modified":"2014-07-08T14:03:48","modified_gmt":"2014-07-08T14:03:48","slug":"1142-2","status":"publish","type":"page","link":"https:\/\/mtv-rothenburg.ch\/wordpress\/verein\/1142-2\/","title":{"rendered":"Impressum"},"content":{"rendered":"<p style=\"color: #666666;\"><span style=\"color: #808080;\"><strong>AGB<br \/>\n<span style=\"color: #666666;\"><strong>Nutzungsbestimmungen<br \/>\n<\/strong><\/span><\/strong><\/span>F\u00fcr die \u00fcber das Internet zugreifbare Informationen (Adressen, Texte, Bilder usw.), deren Urheber der MTV Rothenburg ist, wird die Nutzung gem\u00e4ss den nachstehenden Richtlinien gestattet. Jede davon abweichende Nutzung bedarf jeweils der vorherigen schriftlichen Genehmigung durch den jeweiligen Urheber. Anfragen richten Sie bitte direkt an den Webmaster.<\/p>\n<div class=\"csc-textpic-text\" style=\"color: #666666;\">\n<p>Es ist gestattet, die Information \u00fcber das Internet abzurufen sowie zum pers\u00f6nlichen Gebrauch Kopien auf Papier oder auf anderen Datentr\u00e4gern anzufertigen.<\/p>\n<p>Es ist gestattet, \u00fcber den Inhalt der Informationsseiten Verzeichnisse in Datenbanken anzulegen, soweit der Zweck einer solchen Datensammlung das vereinfachte Aufsuchen der Sachinformation ist (Suchmaschinen, Verzeichnisse usw.).<\/p>\n<p>Es ist untersagt, Namen und Anschriften (auch E-Mail-Adressen, Telefon- und Faxnummern und dergleichen) aus der angebotenen Information f\u00fcr Werbezwecke zu nutzen oder dar\u00fcber Verzeichnisse anzulegen, die f\u00fcr Werbezwecke eingesetzt werden k\u00f6nnen.<\/p>\n<p><strong>Urheberrechte<\/strong><br \/>\nDer gesamte Inhalt der Website ist urheberrechtlich gesch\u00fctzt. Das Herunterladen oder Ausdrucken von einzelnen Seiten und\/oder von Teilbereichen der Website ist f\u00fcr private Zwecke gestattet, sofern weder die Copyrightvermerke noch andere gesetzlich gesch\u00fctzte Bezeichnungen entfernt werden.<\/p>\n<p><strong><br \/>\nFotos, Logos und Zeichnungen d\u00fcrfen nicht weiter verwendet werden. Das Verwendungsrecht liegt bei den jeweilige Bildautoren.<\/strong><\/p>\n<p>Die in dieser Website genannten Marken- und Produktnamen sind Warenzeichen ihrer jeweiligen Eigent\u00fcmer.<\/p>\n<p><strong>Garantie und Haftung<\/strong><br \/>\nDie Webseiten werden nach bestem Wissen erarbeitet und bewirtschaftet, doch wird keine Garantie daf\u00fcr \u00fcbernommen, dass die vermittelten Informationen fehlerfrei und vollst\u00e4ndig sind. Der MTV Rothenburg beh\u00e4lt sich das Recht vor, die Webseiten jederzeit zu erg\u00e4nzen, Informationen zu \u00e4ndern sowie ganz oder teilweise zu l\u00f6schen. Der MTV Rothenburg\u00a0lehnt jede Haftung ab f\u00fcr allf\u00e4lligen direkten oder indirekten Schaden und f\u00fcr den Folgeschaden, welcher als Folge des Gebrauchs von Informationen und Material aus den Webseiten des mtv-rothenburg.ch-Servers oder durch Zugriff \u00fcber Links auf andere Webseiten entsteht. Der MTV Rothenburg\u00a0ist f\u00fcr den Inhalt der Webseiten, die aufgrund einer solchen Verbindung erreicht werden, nicht verantwortlich. Der MTV Rothenburg\u00a0\u00fcbernimmt keine Garantie, dass Informationen, Software oder anderes Material, welche \u00fcber eine der Webseiten zug\u00e4nglich ist, frei von Viren oder anderen sch\u00e4dlichen Komponenten ist und schliesst uneingeschr\u00e4nkt jede Haftung f\u00fcr Verluste bzw. Sch\u00e4den irgendwelcher Art aus &#8211; sei es f\u00fcr direkte, indirekte oder Folgesch\u00e4den -, die sich aus der Ben\u00fctzung der bzw. des Zugriffs auf die mtv-rothenburg.ch-Webseiten oder aus Links zu Webseiten Dritter ergeben sollten.<\/p>\n<p>Quelle www.stv-fsg.ch<\/p>\n<p><strong>Impressum\u00a0<\/strong><strong>Herausgeber<br \/>\n<\/strong>MTV Rothenburg<br \/>\n6023 Rothenburg<strong>\u00a0<\/strong><\/p>\n<p><strong>Webmaster<br \/>\n<\/strong><a href=\"mailto:\/\/webmaster@mtv-rothenburg.ch\">Urs Widmer<\/a><\/p>\n<\/div>\n","protected":false},"excerpt":{"rendered":"<p>AGB Nutzungsbestimmungen F\u00fcr die \u00fcber das Internet zugreifbare Informationen (Adressen, Texte, Bilder usw.), deren Urheber der MTV Rothenburg ist, wird die Nutzung gem\u00e4ss den nachstehenden Richtlinien gestattet. Jede davon abweichende Nutzung bedarf jeweils der vorherigen schriftlichen Genehmigung durch den jeweiligen Urheber. Anfragen richten Sie bitte direkt an den Webmaster. Es ist gestattet, die Information \u00fcber das Internet abzurufen sowie zum<\/p>\n","protected":false},"author":1,"featured_media":0,"parent":47,"menu_order":99,"comment_status":"closed","ping_status":"closed","template":"","meta":{"ngg_post_thumbnail":0,"footnotes":""},"class_list":["post-1142","page","type-page","status-publish","hentry"],"publishpress_future_action":{"enabled":false,"date":"2026-04-24 10:03:39","action":"change-status","newStatus":"draft","terms":[],"taxonomy":"","extraData":[]},"publishpress_future_workflow_manual_trigger":{"enabledWorkflows":[]},"_links":{"self":[{"href":"https:\/\/mtv-rothenburg.ch\/wordpress\/wp-json\/wp\/v2\/pages\/1142","targetHints":{"allow":["GET"]}}],"collection":[{"href":"https:\/\/mtv-rothenburg.ch\/wordpress\/wp-json\/wp\/v2\/pages"}],"about":[{"href":"https:\/\/mtv-rothenburg.ch\/wordpress\/wp-json\/wp\/v2\/types\/page"}],"author":[{"embeddable":true,"href":"https:\/\/mtv-rothenburg.ch\/wordpress\/wp-json\/wp\/v2\/users\/1"}],"replies":[{"embeddable":true,"href":"https:\/\/mtv-rothenburg.ch\/wordpress\/wp-json\/wp\/v2\/comments?post=1142"}],"version-history":[{"count":2,"href":"https:\/\/mtv-rothenburg.ch\/wordpress\/wp-json\/wp\/v2\/pages\/1142\/revisions"}],"predecessor-version":[{"id":1145,"href":"https:\/\/mtv-rothenburg.ch\/wordpress\/wp-json\/wp\/v2\/pages\/1142\/revisions\/1145"}],"up":[{"embeddable":true,"href":"https:\/\/mtv-rothenburg.ch\/wordpress\/wp-json\/wp\/v2\/pages\/47"}],"wp:attachment":[{"href":"https:\/\/mtv-rothenburg.ch\/wordpress\/wp-json\/wp\/v2\/media?parent=1142"}],"curies":[{"name":"wp","href":"https:\/\/api.w.org\/{rel}","templated":true}]}}