{"id":11254,"date":"2023-06-26T17:20:01","date_gmt":"2023-06-26T15:20:01","guid":{"rendered":"https:\/\/mtv-rothenburg.ch\/wordpress\/?page_id=11254"},"modified":"2026-01-02T15:55:28","modified_gmt":"2026-01-02T14:55:28","slug":"volleyball-turnier","status":"publish","type":"page","link":"https:\/\/mtv-rothenburg.ch\/wordpress\/volleyball-turnier\/","title":{"rendered":"Volleyball Turnier"},"content":{"rendered":"<p><img fetchpriority=\"high\" decoding=\"async\" class=\"alignnone size-large wp-image-11255\" src=\"https:\/\/mtv-rothenburg.ch\/wordpress\/wp-content\/uploads\/2023\/06\/Volleyturnier-1024x207.jpg\" alt=\"\" width=\"860\" height=\"174\" srcset=\"https:\/\/mtv-rothenburg.ch\/wordpress\/wp-content\/uploads\/2023\/06\/Volleyturnier-1024x207.jpg 1024w, https:\/\/mtv-rothenburg.ch\/wordpress\/wp-content\/uploads\/2023\/06\/Volleyturnier-300x61.jpg 300w, https:\/\/mtv-rothenburg.ch\/wordpress\/wp-content\/uploads\/2023\/06\/Volleyturnier-150x30.jpg 150w, https:\/\/mtv-rothenburg.ch\/wordpress\/wp-content\/uploads\/2023\/06\/Volleyturnier-768x155.jpg 768w, https:\/\/mtv-rothenburg.ch\/wordpress\/wp-content\/uploads\/2023\/06\/Volleyturnier-1536x310.jpg 1536w, https:\/\/mtv-rothenburg.ch\/wordpress\/wp-content\/uploads\/2023\/06\/Volleyturnier-2048x414.jpg 2048w, https:\/\/mtv-rothenburg.ch\/wordpress\/wp-content\/uploads\/2023\/06\/Volleyturnier-1320x267.jpg 1320w\" sizes=\"(max-width: 860px) 100vw, 860px\" \/><\/p>\n<div>\n<p class=\"x_MsoNormal\"><span data-olk-copy-source=\"MessageBody\">Wie jedes Jahr findet das traditionelle Volleyballturnier in der Charnsh\u00e4lle in Rothenburg statt.<\/span><\/p>\n<\/div>\n<div>\n<p class=\"x_MsoNormal\"><span style=\"font-size: revert; color: initial;\">Dieses Jahr ist der <\/span><strong><span style=\"color: #ff0000;\">Samstag 18.4.2026 ab 9.00 Uhr<\/span><\/strong><span style=\"font-size: revert; color: initial;\"><span style=\"color: #ff0000;\">&nbsp;<\/span>f\u00fcr das Turnier reserviert.<\/span><\/p>\n<\/div>\n<div>\n<p class=\"x_MsoNormal\"><span style=\"font-size: revert; color: initial;\">Alle M\u00e4nnerturnvereine und Mixed Teams sind herzlich willkommen.<\/span><\/p>\n<\/div>\n<div>\n<p class=\"x_MsoNormal\"><span style=\"font-size: revert; color: initial;\">Die Einladung erfolgt via Mail. Falls dein Team nicht in der Verteilerliste ist, melde dich gerne beim Turnierverantwortlichen: <\/span><span style=\"text-decoration: underline;\"><strong><span style=\"font-size: revert; color: initial;\"><a href=\"mailto: martin.schriber@datazug.ch\">Martin Schriber<\/a><\/span><\/strong><\/span><\/p>\n<\/div>\n<p><strong>Wir freuen uns schon jetzt auf eure Teilnahme und all die spannenden Spiele!<\/strong><\/p>\n<p>Impressionen aus vergangenen Turnieren:<\/p>\n\n\n<figure class=\"wp-block-gallery has-nested-images columns-default is-cropped wp-block-gallery-2 is-layout-flex wp-block-gallery-is-layout-flex\">\n<figure class=\"wp-block-image size-large\"><img decoding=\"async\" width=\"1024\" height=\"678\" data-id=\"11260\" src=\"https:\/\/mtv-rothenburg.ch\/wordpress\/wp-content\/uploads\/2023\/06\/DSC_0135-1024x678.jpg\" alt=\"\" class=\"wp-image-11260\" srcset=\"https:\/\/mtv-rothenburg.ch\/wordpress\/wp-content\/uploads\/2023\/06\/DSC_0135-1024x678.jpg 1024w, https:\/\/mtv-rothenburg.ch\/wordpress\/wp-content\/uploads\/2023\/06\/DSC_0135-300x199.jpg 300w, https:\/\/mtv-rothenburg.ch\/wordpress\/wp-content\/uploads\/2023\/06\/DSC_0135-150x99.jpg 150w, https:\/\/mtv-rothenburg.ch\/wordpress\/wp-content\/uploads\/2023\/06\/DSC_0135-768x509.jpg 768w, https:\/\/mtv-rothenburg.ch\/wordpress\/wp-content\/uploads\/2023\/06\/DSC_0135-1536x1017.jpg 1536w, https:\/\/mtv-rothenburg.ch\/wordpress\/wp-content\/uploads\/2023\/06\/DSC_0135-2048x1356.jpg 2048w, https:\/\/mtv-rothenburg.ch\/wordpress\/wp-content\/uploads\/2023\/06\/DSC_0135-1320x874.jpg 1320w\" sizes=\"(max-width: 1024px) 100vw, 1024px\" \/><\/figure>\n\n\n\n<figure class=\"wp-block-image size-large\"><img decoding=\"async\" width=\"1024\" height=\"678\" data-id=\"11261\" src=\"https:\/\/mtv-rothenburg.ch\/wordpress\/wp-content\/uploads\/2023\/06\/DSC_0136-1024x678.jpg\" alt=\"\" class=\"wp-image-11261\" srcset=\"https:\/\/mtv-rothenburg.ch\/wordpress\/wp-content\/uploads\/2023\/06\/DSC_0136-1024x678.jpg 1024w, https:\/\/mtv-rothenburg.ch\/wordpress\/wp-content\/uploads\/2023\/06\/DSC_0136-300x199.jpg 300w, https:\/\/mtv-rothenburg.ch\/wordpress\/wp-content\/uploads\/2023\/06\/DSC_0136-150x99.jpg 150w, https:\/\/mtv-rothenburg.ch\/wordpress\/wp-content\/uploads\/2023\/06\/DSC_0136-768x509.jpg 768w, https:\/\/mtv-rothenburg.ch\/wordpress\/wp-content\/uploads\/2023\/06\/DSC_0136-1536x1017.jpg 1536w, https:\/\/mtv-rothenburg.ch\/wordpress\/wp-content\/uploads\/2023\/06\/DSC_0136-2048x1356.jpg 2048w, https:\/\/mtv-rothenburg.ch\/wordpress\/wp-content\/uploads\/2023\/06\/DSC_0136-1320x874.jpg 1320w\" sizes=\"(max-width: 1024px) 100vw, 1024px\" \/><\/figure>\n\n\n\n<figure class=\"wp-block-image size-large\"><img loading=\"lazy\" decoding=\"async\" width=\"480\" height=\"640\" data-id=\"11259\" src=\"https:\/\/mtv-rothenburg.ch\/wordpress\/wp-content\/uploads\/2023\/06\/IMG_6227-rotated.jpg\" alt=\"\" class=\"wp-image-11259\" srcset=\"https:\/\/mtv-rothenburg.ch\/wordpress\/wp-content\/uploads\/2023\/06\/IMG_6227-rotated.jpg 480w, https:\/\/mtv-rothenburg.ch\/wordpress\/wp-content\/uploads\/2023\/06\/IMG_6227-225x300.jpg 225w, https:\/\/mtv-rothenburg.ch\/wordpress\/wp-content\/uploads\/2023\/06\/IMG_6227-113x150.jpg 113w\" sizes=\"(max-width: 480px) 100vw, 480px\" \/><\/figure>\n<\/figure>\n","protected":false},"excerpt":{"rendered":"<p>Wie jedes Jahr findet das traditionelle Volleyballturnier in der Charnsh\u00e4lle in Rothenburg statt. Dieses Jahr ist der Samstag 18.4.2026 ab 9.00 Uhr&nbsp;f\u00fcr das Turnier reserviert. Alle M\u00e4nnerturnvereine und Mixed Teams sind herzlich willkommen. Die Einladung erfolgt via Mail. Falls dein Team nicht in der Verteilerliste ist, melde dich gerne beim Turnierverantwortlichen: Martin Schriber Wir freuen uns schon jetzt auf eure<\/p>\n","protected":false},"author":1,"featured_media":0,"parent":0,"menu_order":0,"comment_status":"closed","ping_status":"closed","template":"","meta":{"ngg_post_thumbnail":0,"footnotes":""},"class_list":["post-11254","page","type-page","status-publish","hentry"],"publishpress_future_action":{"enabled":false,"date":"2026-04-24 10:03:39","action":"change-status","newStatus":"draft","terms":[],"taxonomy":"","extraData":[]},"publishpress_future_workflow_manual_trigger":{"enabledWorkflows":[]},"_links":{"self":[{"href":"https:\/\/mtv-rothenburg.ch\/wordpress\/wp-json\/wp\/v2\/pages\/11254","targetHints":{"allow":["GET"]}}],"collection":[{"href":"https:\/\/mtv-rothenburg.ch\/wordpress\/wp-json\/wp\/v2\/pages"}],"about":[{"href":"https:\/\/mtv-rothenburg.ch\/wordpress\/wp-json\/wp\/v2\/types\/page"}],"author":[{"embeddable":true,"href":"https:\/\/mtv-rothenburg.ch\/wordpress\/wp-json\/wp\/v2\/users\/1"}],"replies":[{"embeddable":true,"href":"https:\/\/mtv-rothenburg.ch\/wordpress\/wp-json\/wp\/v2\/comments?post=11254"}],"version-history":[{"count":9,"href":"https:\/\/mtv-rothenburg.ch\/wordpress\/wp-json\/wp\/v2\/pages\/11254\/revisions"}],"predecessor-version":[{"id":12097,"href":"https:\/\/mtv-rothenburg.ch\/wordpress\/wp-json\/wp\/v2\/pages\/11254\/revisions\/12097"}],"wp:attachment":[{"href":"https:\/\/mtv-rothenburg.ch\/wordpress\/wp-json\/wp\/v2\/media?parent=11254"}],"curies":[{"name":"wp","href":"https:\/\/api.w.org\/{rel}","templated":true}]}}